{"id":1328,"date":"2022-10-10T18:48:01","date_gmt":"2022-10-10T18:48:01","guid":{"rendered":"http:\/\/cysamanuales.com\/?page_id=1328"},"modified":"2022-10-10T18:50:28","modified_gmt":"2022-10-10T18:50:28","slug":"crear-nueva-empresa","status":"publish","type":"page","link":"https:\/\/cysamanuales.com\/index.php\/crear-nueva-empresa\/","title":{"rendered":"Crear Nueva Empresa"},"content":{"rendered":"\n<p><strong>-FAST FACTURACI\u00d3N<\/strong> <strong>&#8211; CREACI\u00d3N DE NUEVA EMPRESA<\/strong><\/p>\n\n\n\n<p>Con el objetivo de seguir cumpliendo con los reglamentos t\u00e9cnicos del&nbsp;<strong>SAT,<\/strong>&nbsp;esta es una gu\u00eda para la creaci\u00f3n y dar de alta a nueva empresa, para ellos es necesario seguir los pasos correspondientes.<\/p>\n\n\n\n<p>1.- Este punto es importante, en el sistema podemos iniciar al dar click al bot\u00f3n de aceptar.<\/p>\n\n\n\n<figure class=\"wp-block-image size-large\"><img loading=\"lazy\" width=\"1024\" height=\"673\" src=\"https:\/\/cysamanuales.com\/wp-content\/uploads\/2022\/10\/primero-1024x673.jpg\" alt=\"\" class=\"wp-image-1329\" srcset=\"https:\/\/cysamanuales.com\/wp-content\/uploads\/2022\/10\/primero-1024x673.jpg 1024w, https:\/\/cysamanuales.com\/wp-content\/uploads\/2022\/10\/primero-300x197.jpg 300w, https:\/\/cysamanuales.com\/wp-content\/uploads\/2022\/10\/primero-768x504.jpg 768w, https:\/\/cysamanuales.com\/wp-content\/uploads\/2022\/10\/primero.jpg 1291w\" sizes=\"(max-width: 1024px) 100vw, 1024px\" \/><\/figure>\n\n\n\n<p>2.- Le abrir\u00e1 una pantalla con una lista de las empresas, le debe dar <strong>click<\/strong> al bot\u00f3n&nbsp; de <strong>AGREGAR<\/strong><\/p>\n\n\n\n<figure class=\"wp-block-image size-full\"><img loading=\"lazy\" width=\"881\" height=\"593\" src=\"https:\/\/cysamanuales.com\/wp-content\/uploads\/2022\/10\/pasodos.png\" alt=\"\" class=\"wp-image-1330\" srcset=\"https:\/\/cysamanuales.com\/wp-content\/uploads\/2022\/10\/pasodos.png 881w, https:\/\/cysamanuales.com\/wp-content\/uploads\/2022\/10\/pasodos-300x202.png 300w, https:\/\/cysamanuales.com\/wp-content\/uploads\/2022\/10\/pasodos-768x517.png 768w\" sizes=\"(max-width: 881px) 100vw, 881px\" \/><\/figure>\n\n\n\n<p>3.- Ahora escribe el nombre de la empresa y debe dar <strong>click<\/strong> al bot\u00f3n de <strong>GUARDAR<\/strong> Y <strong>CONECTAR<\/strong><\/p>\n\n\n\n<figure class=\"wp-block-image size-full\"><img loading=\"lazy\" width=\"962\" height=\"620\" src=\"https:\/\/cysamanuales.com\/wp-content\/uploads\/2022\/10\/pasotres.png\" alt=\"\" class=\"wp-image-1331\" srcset=\"https:\/\/cysamanuales.com\/wp-content\/uploads\/2022\/10\/pasotres.png 962w, https:\/\/cysamanuales.com\/wp-content\/uploads\/2022\/10\/pasotres-300x193.png 300w, https:\/\/cysamanuales.com\/wp-content\/uploads\/2022\/10\/pasotres-768x495.png 768w\" sizes=\"(max-width: 962px) 100vw, 962px\" \/><\/figure>\n\n\n\n<p>3.1.- Le saldr\u00e1 un mensaje de alerta, solo debe dar <strong>click<\/strong> en <strong>ACEPTAR<\/strong> y le mostrara la siguiente ventana, para hacer <strong>el siguiente paso<\/strong>.<\/p>\n\n\n\n<figure class=\"wp-block-image size-full\"><img loading=\"lazy\" width=\"573\" height=\"501\" src=\"https:\/\/cysamanuales.com\/wp-content\/uploads\/2022\/10\/pasotrespuntouno.jpg\" alt=\"\" class=\"wp-image-1332\" srcset=\"https:\/\/cysamanuales.com\/wp-content\/uploads\/2022\/10\/pasotrespuntouno.jpg 573w, https:\/\/cysamanuales.com\/wp-content\/uploads\/2022\/10\/pasotrespuntouno-300x262.jpg 300w\" sizes=\"(max-width: 573px) 100vw, 573px\" \/><\/figure>\n\n\n\n<p>4.- En el siguiente paso se tiene que <strong>agregar<\/strong> los datos de <strong>la empresa<\/strong> como el nombre, r\u00e9gimen fiscal, su certificado de sello digital. Para saber m\u00e1s de como llenar<strong> los datos de la empresa<\/strong>, puede pasar al <strong>siguiente paso<\/strong>.<\/p>\n","protected":false},"excerpt":{"rendered":"<p>-FAST FACTURACI\u00d3N &#8211; CREACI\u00d3N DE NUEVA EMPRESA Con el objetivo de seguir cumpliendo con los reglamentos t\u00e9cnicos del&nbsp;SAT,&nbsp;esta es una gu\u00eda para la creaci\u00f3n y dar de alta a nueva empresa, para ellos es necesario seguir los pasos correspondientes. 1.- Este punto es importante, en el sistema podemos iniciar al [&hellip;]<\/p>\n","protected":false},"author":1,"featured_media":0,"parent":0,"menu_order":0,"comment_status":"closed","ping_status":"closed","template":"","meta":[],"_links":{"self":[{"href":"https:\/\/cysamanuales.com\/index.php\/wp-json\/wp\/v2\/pages\/1328"}],"collection":[{"href":"https:\/\/cysamanuales.com\/index.php\/wp-json\/wp\/v2\/pages"}],"about":[{"href":"https:\/\/cysamanuales.com\/index.php\/wp-json\/wp\/v2\/types\/page"}],"author":[{"embeddable":true,"href":"https:\/\/cysamanuales.com\/index.php\/wp-json\/wp\/v2\/users\/1"}],"replies":[{"embeddable":true,"href":"https:\/\/cysamanuales.com\/index.php\/wp-json\/wp\/v2\/comments?post=1328"}],"version-history":[{"count":3,"href":"https:\/\/cysamanuales.com\/index.php\/wp-json\/wp\/v2\/pages\/1328\/revisions"}],"predecessor-version":[{"id":1335,"href":"https:\/\/cysamanuales.com\/index.php\/wp-json\/wp\/v2\/pages\/1328\/revisions\/1335"}],"wp:attachment":[{"href":"https:\/\/cysamanuales.com\/index.php\/wp-json\/wp\/v2\/media?parent=1328"}],"curies":[{"name":"wp","href":"https:\/\/api.w.org\/{rel}","templated":true}]}}