{"id":1364,"date":"2022-10-11T21:12:37","date_gmt":"2022-10-11T21:12:37","guid":{"rendered":"http:\/\/cysamanuales.com\/?page_id=1364"},"modified":"2022-10-17T15:19:02","modified_gmt":"2022-10-17T15:19:02","slug":"regimen-simplificado-2","status":"publish","type":"page","link":"https:\/\/cysamanuales.com\/index.php\/regimen-simplificado-2\/","title":{"rendered":"R\u00e9gimen Simplificado 4.0"},"content":{"rendered":"\n<p style=\"font-size:24px\"><strong>\u2013 FAST FACTURACI\u00d3N 4.0 \u2013 R\u00c9GIMEN SIMPLIFICADO DE CONFIANZA<\/strong><\/p>\n\n\n\n<p>En esta gu\u00eda podemos configurar si paso a r\u00e9gimen simplificado de confianza para la versi\u00f3n 4.0,&nbsp;esta configuraci\u00f3n esta habilitada tanto para la versi\u00f3n 3.3 y la 4.0.<\/p>\n\n\n\n<p>1.- Primero se dirige al apartado de&nbsp;<strong>Empresa<\/strong>\/<strong>Datos fiscales<\/strong>.<\/p>\n\n\n\n<figure class=\"wp-block-image size-full\"><img loading=\"lazy\" width=\"298\" height=\"143\" src=\"https:\/\/cysamanuales.com\/wp-content\/uploads\/2022\/10\/Captura-de-pantalla-326.png\" alt=\"\" class=\"wp-image-1365\"\/><\/figure>\n\n\n\n<p>1.1.- posteriormente se configura el r\u00e9gimen fiscal a&nbsp;<strong>R\u00e9gimen simplificado de confianza<\/strong>.<\/p>\n\n\n\n<figure class=\"wp-block-image size-large\"><img loading=\"lazy\" width=\"1024\" height=\"619\" src=\"https:\/\/cysamanuales.com\/wp-content\/uploads\/2022\/10\/revision_1-1-1024x619.png\" alt=\"\" class=\"wp-image-1475\" srcset=\"https:\/\/cysamanuales.com\/wp-content\/uploads\/2022\/10\/revision_1-1-1024x619.png 1024w, https:\/\/cysamanuales.com\/wp-content\/uploads\/2022\/10\/revision_1-1-300x181.png 300w, https:\/\/cysamanuales.com\/wp-content\/uploads\/2022\/10\/revision_1-1-768x464.png 768w, https:\/\/cysamanuales.com\/wp-content\/uploads\/2022\/10\/revision_1-1.png 1105w\" sizes=\"(max-width: 1024px) 100vw, 1024px\" \/><\/figure>\n\n\n\n<p>2.- Ahora creamos el&nbsp;<strong>impuesto<\/strong>&nbsp;por&nbsp;<strong>retenci\u00f3n de ISR<\/strong>. Nos dirigimos al apartado de<strong> Impuestos<\/strong>\/<strong>IVA y Retenciones<\/strong>.<\/p>\n\n\n\n<figure class=\"wp-block-image size-full is-resized\"><img loading=\"lazy\" src=\"https:\/\/cysamanuales.com\/wp-content\/uploads\/2022\/10\/Captura-de-pantalla-327.png\" alt=\"\" class=\"wp-image-1367\" width=\"387\" height=\"195\" srcset=\"https:\/\/cysamanuales.com\/wp-content\/uploads\/2022\/10\/Captura-de-pantalla-327.png 302w, https:\/\/cysamanuales.com\/wp-content\/uploads\/2022\/10\/Captura-de-pantalla-327-300x151.png 300w\" sizes=\"(max-width: 387px) 100vw, 387px\" \/><\/figure>\n\n\n\n<p>2.1.- En el apartado de&nbsp;<strong>Tipo<\/strong>&nbsp;<strong>de Impuesto<\/strong>&nbsp;selecciona una de las opciones(<strong>ISR<\/strong>), al igual que en el apartado&nbsp;<strong>Tipo de Factor<\/strong>(<strong>TASA<\/strong>),&nbsp;<strong>C\u00f3digo SAT<\/strong>(<strong>001<\/strong>), tener marcado (<strong>Retenci\u00f3n<\/strong>), <strong>descripci\u00f3n<\/strong> (<strong>ISR Retenci\u00f3n<\/strong>), <strong>Tasa\/cuota 1.25%<\/strong>.<\/p>\n\n\n\n<figure class=\"wp-block-image size-full\"><img loading=\"lazy\" width=\"826\" height=\"451\" src=\"https:\/\/cysamanuales.com\/wp-content\/uploads\/2022\/10\/Captura-de-pantalla-328.png\" alt=\"\" class=\"wp-image-1368\" srcset=\"https:\/\/cysamanuales.com\/wp-content\/uploads\/2022\/10\/Captura-de-pantalla-328.png 826w, https:\/\/cysamanuales.com\/wp-content\/uploads\/2022\/10\/Captura-de-pantalla-328-300x164.png 300w, https:\/\/cysamanuales.com\/wp-content\/uploads\/2022\/10\/Captura-de-pantalla-328-768x419.png 768w\" sizes=\"(max-width: 826px) 100vw, 826px\" \/><\/figure>\n\n\n\n<p>3.- Se guardan los datos al dar click al icono de&nbsp;<strong>Guardar<\/strong>&nbsp;y con esto paso a la&nbsp;<strong>siguiente Gu\u00eda<\/strong>.<\/p>\n","protected":false},"excerpt":{"rendered":"<p>\u2013 FAST FACTURACI\u00d3N 4.0 \u2013 R\u00c9GIMEN SIMPLIFICADO DE CONFIANZA En esta gu\u00eda podemos configurar si paso a r\u00e9gimen simplificado de confianza para la versi\u00f3n 4.0,&nbsp;esta configuraci\u00f3n esta habilitada tanto para la versi\u00f3n 3.3 y la 4.0. 1.- Primero se dirige al apartado de&nbsp;Empresa\/Datos fiscales. 1.1.- posteriormente se configura el r\u00e9gimen [&hellip;]<\/p>\n","protected":false},"author":1,"featured_media":0,"parent":0,"menu_order":0,"comment_status":"closed","ping_status":"closed","template":"","meta":[],"_links":{"self":[{"href":"https:\/\/cysamanuales.com\/index.php\/wp-json\/wp\/v2\/pages\/1364"}],"collection":[{"href":"https:\/\/cysamanuales.com\/index.php\/wp-json\/wp\/v2\/pages"}],"about":[{"href":"https:\/\/cysamanuales.com\/index.php\/wp-json\/wp\/v2\/types\/page"}],"author":[{"embeddable":true,"href":"https:\/\/cysamanuales.com\/index.php\/wp-json\/wp\/v2\/users\/1"}],"replies":[{"embeddable":true,"href":"https:\/\/cysamanuales.com\/index.php\/wp-json\/wp\/v2\/comments?post=1364"}],"version-history":[{"count":10,"href":"https:\/\/cysamanuales.com\/index.php\/wp-json\/wp\/v2\/pages\/1364\/revisions"}],"predecessor-version":[{"id":1476,"href":"https:\/\/cysamanuales.com\/index.php\/wp-json\/wp\/v2\/pages\/1364\/revisions\/1476"}],"wp:attachment":[{"href":"https:\/\/cysamanuales.com\/index.php\/wp-json\/wp\/v2\/media?parent=1364"}],"curies":[{"name":"wp","href":"https:\/\/api.w.org\/{rel}","templated":true}]}}