{"id":1394,"date":"2022-10-13T00:40:52","date_gmt":"2022-10-13T00:40:52","guid":{"rendered":"http:\/\/cysamanuales.com\/?page_id=1394"},"modified":"2022-10-21T21:31:33","modified_gmt":"2022-10-21T21:31:33","slug":"inventario-de-productos","status":"publish","type":"page","link":"https:\/\/cysamanuales.com\/index.php\/inventario-de-productos\/","title":{"rendered":"Alta de Productos"},"content":{"rendered":"\n<p style=\"font-size:24px\"><strong>-FAST ADMINISTRATIVO \u2013 ALTA DE PRODUCTOS<\/strong><\/p>\n\n\n\n<p>Para gu\u00eda se dar\u00e1 de alta a los productos que maneja la empresa, sean servicios o productos. siguiendo lo pasos correspondientes se podr\u00e1n capturar datos necesarios podr\u00e1 tener una mejor administraci\u00f3n.<\/p>\n\n\n\n<p>1.- Primero nos dirigimos al apartado de <strong>Inventarios\/Inventario<\/strong>.<\/p>\n\n\n\n<figure class=\"wp-block-image size-full\"><img loading=\"lazy\" width=\"523\" height=\"248\" src=\"https:\/\/cysamanuales.com\/wp-content\/uploads\/2022\/10\/Captura-de-pantalla-336.png\" alt=\"\" class=\"wp-image-1395\" srcset=\"https:\/\/cysamanuales.com\/wp-content\/uploads\/2022\/10\/Captura-de-pantalla-336.png 523w, https:\/\/cysamanuales.com\/wp-content\/uploads\/2022\/10\/Captura-de-pantalla-336-300x142.png 300w\" sizes=\"(max-width: 523px) 100vw, 523px\" \/><\/figure>\n\n\n\n<p>2.- Creamos un <strong>nuevo producto<\/strong> y capturamos sus datos,<strong> C\u00f3digo<\/strong>, la <strong>unidad<\/strong> depende si es <strong>servicio<\/strong> o <strong>pieza<\/strong>, en <strong>descripci\u00f3n<\/strong> es el nombre del producto, el <strong>c\u00f3digo<\/strong> del <strong>SAT<\/strong>, <strong>c\u00f3digo de barra<\/strong> en los <strong>productos<\/strong>(si el producto lo maneja por el c\u00f3digo), tipo producto si manejan categor\u00edas, al igual que la subfamilia, marca, y el <strong>precio publico<\/strong>, que es el precio que visualizara su cliente<strong>,Verificar<\/strong> que la <strong>casilla<\/strong> de <strong>Inventariable<\/strong> este <strong>marcada,<\/strong> para poder dar existencia a los productos.<\/p>\n\n\n\n<figure class=\"wp-block-image size-full\"><img loading=\"lazy\" width=\"1024\" height=\"721\" src=\"https:\/\/cysamanuales.com\/wp-content\/uploads\/2022\/10\/revision_11.png\" alt=\"\" class=\"wp-image-1589\" srcset=\"https:\/\/cysamanuales.com\/wp-content\/uploads\/2022\/10\/revision_11.png 1024w, https:\/\/cysamanuales.com\/wp-content\/uploads\/2022\/10\/revision_11-300x211.png 300w, https:\/\/cysamanuales.com\/wp-content\/uploads\/2022\/10\/revision_11-768x541.png 768w\" sizes=\"(max-width: 1024px) 100vw, 1024px\" \/><\/figure>\n\n\n\n<p>3.- Se <strong>Guarda<\/strong> y para <strong>agregar existencias <\/strong>al producto que tiene en el <strong>inventario<\/strong>. En la siguiente gu\u00eda explica como <strong>agregar existencia,<\/strong><strong> link<\/strong>:<\/p>\n\n\n\n<p><\/p>\n","protected":false},"excerpt":{"rendered":"<p>-FAST ADMINISTRATIVO \u2013 ALTA DE PRODUCTOS Para gu\u00eda se dar\u00e1 de alta a los productos que maneja la empresa, sean servicios o productos. siguiendo lo pasos correspondientes se podr\u00e1n capturar datos necesarios podr\u00e1 tener una mejor administraci\u00f3n. 1.- Primero nos dirigimos al apartado de Inventarios\/Inventario. 2.- Creamos un nuevo producto [&hellip;]<\/p>\n","protected":false},"author":1,"featured_media":0,"parent":0,"menu_order":0,"comment_status":"closed","ping_status":"closed","template":"","meta":[],"_links":{"self":[{"href":"https:\/\/cysamanuales.com\/index.php\/wp-json\/wp\/v2\/pages\/1394"}],"collection":[{"href":"https:\/\/cysamanuales.com\/index.php\/wp-json\/wp\/v2\/pages"}],"about":[{"href":"https:\/\/cysamanuales.com\/index.php\/wp-json\/wp\/v2\/types\/page"}],"author":[{"embeddable":true,"href":"https:\/\/cysamanuales.com\/index.php\/wp-json\/wp\/v2\/users\/1"}],"replies":[{"embeddable":true,"href":"https:\/\/cysamanuales.com\/index.php\/wp-json\/wp\/v2\/comments?post=1394"}],"version-history":[{"count":12,"href":"https:\/\/cysamanuales.com\/index.php\/wp-json\/wp\/v2\/pages\/1394\/revisions"}],"predecessor-version":[{"id":1686,"href":"https:\/\/cysamanuales.com\/index.php\/wp-json\/wp\/v2\/pages\/1394\/revisions\/1686"}],"wp:attachment":[{"href":"https:\/\/cysamanuales.com\/index.php\/wp-json\/wp\/v2\/media?parent=1394"}],"curies":[{"name":"wp","href":"https:\/\/api.w.org\/{rel}","templated":true}]}}