{"id":1410,"date":"2022-10-14T00:59:03","date_gmt":"2022-10-14T00:59:03","guid":{"rendered":"http:\/\/cysamanuales.com\/?page_id=1410"},"modified":"2022-10-14T18:52:53","modified_gmt":"2022-10-14T18:52:53","slug":"vendedores","status":"publish","type":"page","link":"https:\/\/cysamanuales.com\/index.php\/vendedores\/","title":{"rendered":"Vendedores"},"content":{"rendered":"\n<p style=\"font-size:24px\"><strong>\u2013 FAST ADMINISTRATIVO \u2013 ALTA VENDEDORES<\/strong><\/p>\n\n\n\n<p>En esta gu\u00eda podemos configurar los vendedores de la empresa, estos pasos son f\u00e1ciles de hacer.<\/p>\n\n\n\n<p>1.- Primer paso se dirige al men\u00fa superior en <strong>configuraciones\/vendedores.<\/strong><\/p>\n\n\n\n<figure class=\"wp-block-image size-full\"><img loading=\"lazy\" width=\"304\" height=\"128\" src=\"https:\/\/cysamanuales.com\/wp-content\/uploads\/2022\/10\/Captura-de-pantalla-342.png\" alt=\"\" class=\"wp-image-1407\" srcset=\"https:\/\/cysamanuales.com\/wp-content\/uploads\/2022\/10\/Captura-de-pantalla-342.png 304w, https:\/\/cysamanuales.com\/wp-content\/uploads\/2022\/10\/Captura-de-pantalla-342-300x126.png 300w\" sizes=\"(max-width: 304px) 100vw, 304px\" \/><\/figure>\n\n\n\n<p>2.- Se crea un vendedor Mostrador, en el icono de m\u00e1s, se abre una ventana para capturar los datos correspondientes. <strong>Nombre<\/strong> (Mostrador), <strong>Comentario<\/strong> (Mostrador), <strong>Usuario<\/strong> (Opcional).<\/p>\n\n\n\n<figure class=\"wp-block-image size-full\"><img loading=\"lazy\" width=\"1025\" height=\"490\" src=\"https:\/\/cysamanuales.com\/wp-content\/uploads\/2022\/10\/Captura-de-pantalla-344.png\" alt=\"\" class=\"wp-image-1408\" srcset=\"https:\/\/cysamanuales.com\/wp-content\/uploads\/2022\/10\/Captura-de-pantalla-344.png 1025w, https:\/\/cysamanuales.com\/wp-content\/uploads\/2022\/10\/Captura-de-pantalla-344-300x143.png 300w, https:\/\/cysamanuales.com\/wp-content\/uploads\/2022\/10\/Captura-de-pantalla-344-768x367.png 768w\" sizes=\"(max-width: 1025px) 100vw, 1025px\" \/><\/figure>\n\n\n\n<p>3.- Se guardan los datos al dar click al icono de&nbsp;<strong>Guardar<\/strong>&nbsp;y con esto pasa a la&nbsp;<strong>siguiente Gu\u00eda<\/strong>.<\/p>\n","protected":false},"excerpt":{"rendered":"<p>\u2013 FAST ADMINISTRATIVO \u2013 ALTA VENDEDORES En esta gu\u00eda podemos configurar los vendedores de la empresa, estos pasos son f\u00e1ciles de hacer. 1.- Primer paso se dirige al men\u00fa superior en configuraciones\/vendedores. 2.- Se crea un vendedor Mostrador, en el icono de m\u00e1s, se abre una ventana para capturar los [&hellip;]<\/p>\n","protected":false},"author":1,"featured_media":0,"parent":0,"menu_order":0,"comment_status":"closed","ping_status":"closed","template":"","meta":[],"_links":{"self":[{"href":"https:\/\/cysamanuales.com\/index.php\/wp-json\/wp\/v2\/pages\/1410"}],"collection":[{"href":"https:\/\/cysamanuales.com\/index.php\/wp-json\/wp\/v2\/pages"}],"about":[{"href":"https:\/\/cysamanuales.com\/index.php\/wp-json\/wp\/v2\/types\/page"}],"author":[{"embeddable":true,"href":"https:\/\/cysamanuales.com\/index.php\/wp-json\/wp\/v2\/users\/1"}],"replies":[{"embeddable":true,"href":"https:\/\/cysamanuales.com\/index.php\/wp-json\/wp\/v2\/comments?post=1410"}],"version-history":[{"count":3,"href":"https:\/\/cysamanuales.com\/index.php\/wp-json\/wp\/v2\/pages\/1410\/revisions"}],"predecessor-version":[{"id":1450,"href":"https:\/\/cysamanuales.com\/index.php\/wp-json\/wp\/v2\/pages\/1410\/revisions\/1450"}],"wp:attachment":[{"href":"https:\/\/cysamanuales.com\/index.php\/wp-json\/wp\/v2\/media?parent=1410"}],"curies":[{"name":"wp","href":"https:\/\/api.w.org\/{rel}","templated":true}]}}