{"id":1488,"date":"2022-10-17T21:10:37","date_gmt":"2022-10-17T21:10:37","guid":{"rendered":"http:\/\/cysamanuales.com\/?page_id=1488"},"modified":"2022-10-21T17:56:22","modified_gmt":"2022-10-21T17:56:22","slug":"facturacion","status":"publish","type":"page","link":"https:\/\/cysamanuales.com\/index.php\/facturacion\/","title":{"rendered":"Facturaci\u00f3n"},"content":{"rendered":"\n<p style=\"font-size:24px\"><strong>\u2013 FAST ADMINISTRATIVO \u2013 FACTURACI\u00d3N <\/strong><\/p>\n\n\n\n<p>En esta gu\u00eda podemos realizar las facturaci\u00f3n en el sistema <strong>Fast Administrativo,<\/strong> siguiendo los pasos correspondientes sera f\u00e1cil de hacer la factura sin ning\u00fan tipo problema.<\/p>\n\n\n\n<p>1.- Se debe dirigir al men\u00fa de arriba, en el apartado de <strong>facturaci\u00f3n Electr\u00f3nica\/factura<\/strong>.<\/p>\n\n\n\n<figure class=\"wp-block-image size-full\"><img loading=\"lazy\" width=\"830\" height=\"184\" src=\"https:\/\/cysamanuales.com\/wp-content\/uploads\/2022\/10\/Captura-de-pantalla-377.png\" alt=\"\" class=\"wp-image-1489\" srcset=\"https:\/\/cysamanuales.com\/wp-content\/uploads\/2022\/10\/Captura-de-pantalla-377.png 830w, https:\/\/cysamanuales.com\/wp-content\/uploads\/2022\/10\/Captura-de-pantalla-377-300x67.png 300w, https:\/\/cysamanuales.com\/wp-content\/uploads\/2022\/10\/Captura-de-pantalla-377-768x170.png 768w\" sizes=\"(max-width: 830px) 100vw, 830px\" \/><\/figure>\n\n\n\n<p>2.- Ahora verificamos la <strong>fecha,<\/strong> <strong>folio,<\/strong> <strong>el cliente <\/strong>al cual se le va a facturar, <strong>la forma de pago<\/strong> y el <strong>uso de CFDI<\/strong> del cliente, el vendedor debe de seleccionar el usuario correspondiente.<\/p>\n\n\n\n<figure class=\"wp-block-image size-large\"><img loading=\"lazy\" width=\"1024\" height=\"366\" src=\"https:\/\/cysamanuales.com\/wp-content\/uploads\/2022\/10\/Captura-de-pantalla-391-1024x366.png\" alt=\"\" class=\"wp-image-1490\" srcset=\"https:\/\/cysamanuales.com\/wp-content\/uploads\/2022\/10\/Captura-de-pantalla-391-1024x366.png 1024w, https:\/\/cysamanuales.com\/wp-content\/uploads\/2022\/10\/Captura-de-pantalla-391-300x107.png 300w, https:\/\/cysamanuales.com\/wp-content\/uploads\/2022\/10\/Captura-de-pantalla-391-768x274.png 768w, https:\/\/cysamanuales.com\/wp-content\/uploads\/2022\/10\/Captura-de-pantalla-391.png 1257w\" sizes=\"(max-width: 1024px) 100vw, 1024px\" \/><\/figure>\n\n\n\n<p>2.1.- En&nbsp;<strong>cliente<\/strong>&nbsp;le damos click al&nbsp;<strong>bot\u00f3n de b\u00fasqueda<\/strong>, saldr\u00e1 una&nbsp;<strong>ventana,<\/strong>&nbsp;debe de seleccionar un cliente y dar&nbsp;<strong>doble click<\/strong>&nbsp;para&nbsp;<strong>agregarlo.<\/strong><\/p>\n\n\n\n<figure class=\"wp-block-image size-large\"><img loading=\"lazy\" width=\"1024\" height=\"325\" src=\"https:\/\/cysamanuales.com\/wp-content\/uploads\/2022\/10\/Captura-de-pantalla-406-1024x325.png\" alt=\"\" class=\"wp-image-1514\" srcset=\"https:\/\/cysamanuales.com\/wp-content\/uploads\/2022\/10\/Captura-de-pantalla-406-1024x325.png 1024w, https:\/\/cysamanuales.com\/wp-content\/uploads\/2022\/10\/Captura-de-pantalla-406-300x95.png 300w, https:\/\/cysamanuales.com\/wp-content\/uploads\/2022\/10\/Captura-de-pantalla-406-768x244.png 768w, https:\/\/cysamanuales.com\/wp-content\/uploads\/2022\/10\/Captura-de-pantalla-406.png 1225w\" sizes=\"(max-width: 1024px) 100vw, 1024px\" \/><\/figure>\n\n\n\n<p>2.2.- En la columna de<strong> producto<\/strong> debe buscar por el nombre o en el icono para abrir una ventana donde debe de <strong>seleccionar<\/strong> un <strong>producto, <\/strong>despu\u00e9s debe dar en el <strong>bot\u00f3n de agregar<\/strong> para continuar con el<strong> siguiente paso.<\/strong><\/p>\n\n\n\n<figure class=\"wp-block-image size-full\"><img loading=\"lazy\" width=\"995\" height=\"266\" src=\"https:\/\/cysamanuales.com\/wp-content\/uploads\/2022\/10\/Captura-de-pantalla-379.png\" alt=\"\" class=\"wp-image-1491\" srcset=\"https:\/\/cysamanuales.com\/wp-content\/uploads\/2022\/10\/Captura-de-pantalla-379.png 995w, https:\/\/cysamanuales.com\/wp-content\/uploads\/2022\/10\/Captura-de-pantalla-379-300x80.png 300w, https:\/\/cysamanuales.com\/wp-content\/uploads\/2022\/10\/Captura-de-pantalla-379-768x205.png 768w\" sizes=\"(max-width: 995px) 100vw, 995px\" \/><\/figure>\n\n\n\n<figure class=\"wp-block-image size-large\"><img loading=\"lazy\" width=\"1024\" height=\"418\" src=\"https:\/\/cysamanuales.com\/wp-content\/uploads\/2022\/10\/Captura-de-pantalla-378-1024x418.png\" alt=\"\" class=\"wp-image-1492\" srcset=\"https:\/\/cysamanuales.com\/wp-content\/uploads\/2022\/10\/Captura-de-pantalla-378-1024x418.png 1024w, https:\/\/cysamanuales.com\/wp-content\/uploads\/2022\/10\/Captura-de-pantalla-378-300x122.png 300w, https:\/\/cysamanuales.com\/wp-content\/uploads\/2022\/10\/Captura-de-pantalla-378-768x313.png 768w, https:\/\/cysamanuales.com\/wp-content\/uploads\/2022\/10\/Captura-de-pantalla-378-1536x627.png 1536w, https:\/\/cysamanuales.com\/wp-content\/uploads\/2022\/10\/Captura-de-pantalla-378.png 1625w\" sizes=\"(max-width: 1024px) 100vw, 1024px\" \/><\/figure>\n\n\n\n<p>3.- Debe timbrar la factura con el<strong> bot\u00f3n de guardar, verificando<\/strong> que la <strong>casilla <\/strong>de <strong>Enviar por correo,<\/strong> este <strong>marcada <\/strong>si requiere que se envi\u00e9 la factura de forma <strong>autom\u00e1tica,<\/strong> En caso de que requerir que la factura sea <strong>manual desmarque la casilla.<\/strong><\/p>\n\n\n\n<figure class=\"wp-block-image size-large\"><img loading=\"lazy\" width=\"1024\" height=\"463\" src=\"https:\/\/cysamanuales.com\/wp-content\/uploads\/2022\/10\/Captura-de-pantalla-392-1024x463.png\" alt=\"\" class=\"wp-image-1494\" srcset=\"https:\/\/cysamanuales.com\/wp-content\/uploads\/2022\/10\/Captura-de-pantalla-392-1024x463.png 1024w, https:\/\/cysamanuales.com\/wp-content\/uploads\/2022\/10\/Captura-de-pantalla-392-300x136.png 300w, https:\/\/cysamanuales.com\/wp-content\/uploads\/2022\/10\/Captura-de-pantalla-392-768x348.png 768w, https:\/\/cysamanuales.com\/wp-content\/uploads\/2022\/10\/Captura-de-pantalla-392-1536x695.png 1536w, https:\/\/cysamanuales.com\/wp-content\/uploads\/2022\/10\/Captura-de-pantalla-392.png 1549w\" sizes=\"(max-width: 1024px) 100vw, 1024px\" \/><\/figure>\n\n\n\n<p>3.1.- Al guardar saldr\u00e1 una <strong>pantalla<\/strong> de <strong>alerta preguntando<\/strong>: \u00bf<strong>Esta seguro de querer guardar y timbrar la factura<\/strong>?, debe dar click al bot\u00f3n de <strong>aceptar.<\/strong><\/p>\n\n\n\n<figure class=\"wp-block-image size-full\"><img loading=\"lazy\" width=\"557\" height=\"288\" src=\"https:\/\/cysamanuales.com\/wp-content\/uploads\/2022\/10\/revision_2.png\" alt=\"\" class=\"wp-image-1516\" srcset=\"https:\/\/cysamanuales.com\/wp-content\/uploads\/2022\/10\/revision_2.png 557w, https:\/\/cysamanuales.com\/wp-content\/uploads\/2022\/10\/revision_2-300x155.png 300w\" sizes=\"(max-width: 557px) 100vw, 557px\" \/><\/figure>\n\n\n\n<p>3.2.- Despu\u00e9s de eso saldr\u00e1 <strong>otra pantalla<\/strong> de <strong>Enviar documentos por correo<\/strong>, en el apartado de <strong>receptor <\/strong>debe agregar el <strong>correo<\/strong> al que se <strong>enviara la factura.<\/strong><\/p>\n\n\n\n<figure class=\"wp-block-image size-large\"><img loading=\"lazy\" width=\"1024\" height=\"477\" src=\"https:\/\/cysamanuales.com\/wp-content\/uploads\/2022\/10\/revision_3-1024x477.png\" alt=\"\" class=\"wp-image-1529\" srcset=\"https:\/\/cysamanuales.com\/wp-content\/uploads\/2022\/10\/revision_3-1024x477.png 1024w, https:\/\/cysamanuales.com\/wp-content\/uploads\/2022\/10\/revision_3-300x140.png 300w, https:\/\/cysamanuales.com\/wp-content\/uploads\/2022\/10\/revision_3-768x357.png 768w, https:\/\/cysamanuales.com\/wp-content\/uploads\/2022\/10\/revision_3.png 1214w\" sizes=\"(max-width: 1024px) 100vw, 1024px\" \/><\/figure>\n\n\n\n<p>3.3.- Posteriormente<strong> saldr\u00e1<\/strong> un mensaje<strong>: el correo fue enviado exitosamente<\/strong>, debe dar<strong> click<\/strong> en <strong>aceptar<\/strong> y se <strong>guarda<\/strong> el <strong>reporte en pdf<\/strong> de manera local.<\/p>\n\n\n\n<figure class=\"wp-block-image size-full\"><img loading=\"lazy\" width=\"590\" height=\"380\" src=\"https:\/\/cysamanuales.com\/wp-content\/uploads\/2022\/10\/Captura-de-pantalla-388.png\" alt=\"\" class=\"wp-image-1498\" srcset=\"https:\/\/cysamanuales.com\/wp-content\/uploads\/2022\/10\/Captura-de-pantalla-388.png 590w, https:\/\/cysamanuales.com\/wp-content\/uploads\/2022\/10\/Captura-de-pantalla-388-300x193.png 300w\" sizes=\"(max-width: 590px) 100vw, 590px\" \/><\/figure>\n\n\n\n<p>4.- Con estos pasos puede <strong>concluir <\/strong>con la&nbsp;realizaci\u00f3n de la <strong>factura<\/strong> puede seguir con la <strong>siguiente gu\u00eda.<\/strong><\/p>\n","protected":false},"excerpt":{"rendered":"<p>\u2013 FAST ADMINISTRATIVO \u2013 FACTURACI\u00d3N En esta gu\u00eda podemos realizar las facturaci\u00f3n en el sistema Fast Administrativo, siguiendo los pasos correspondientes sera f\u00e1cil de hacer la factura sin ning\u00fan tipo problema. 1.- Se debe dirigir al men\u00fa de arriba, en el apartado de facturaci\u00f3n Electr\u00f3nica\/factura. 2.- Ahora verificamos la fecha, [&hellip;]<\/p>\n","protected":false},"author":1,"featured_media":0,"parent":0,"menu_order":0,"comment_status":"closed","ping_status":"closed","template":"","meta":[],"_links":{"self":[{"href":"https:\/\/cysamanuales.com\/index.php\/wp-json\/wp\/v2\/pages\/1488"}],"collection":[{"href":"https:\/\/cysamanuales.com\/index.php\/wp-json\/wp\/v2\/pages"}],"about":[{"href":"https:\/\/cysamanuales.com\/index.php\/wp-json\/wp\/v2\/types\/page"}],"author":[{"embeddable":true,"href":"https:\/\/cysamanuales.com\/index.php\/wp-json\/wp\/v2\/users\/1"}],"replies":[{"embeddable":true,"href":"https:\/\/cysamanuales.com\/index.php\/wp-json\/wp\/v2\/comments?post=1488"}],"version-history":[{"count":7,"href":"https:\/\/cysamanuales.com\/index.php\/wp-json\/wp\/v2\/pages\/1488\/revisions"}],"predecessor-version":[{"id":1666,"href":"https:\/\/cysamanuales.com\/index.php\/wp-json\/wp\/v2\/pages\/1488\/revisions\/1666"}],"wp:attachment":[{"href":"https:\/\/cysamanuales.com\/index.php\/wp-json\/wp\/v2\/media?parent=1488"}],"curies":[{"name":"wp","href":"https:\/\/api.w.org\/{rel}","templated":true}]}}