{"id":1501,"date":"2022-10-18T17:13:32","date_gmt":"2022-10-18T17:13:32","guid":{"rendered":"http:\/\/cysamanuales.com\/?page_id=1501"},"modified":"2022-10-21T21:23:28","modified_gmt":"2022-10-21T21:23:28","slug":"cotizaciones","status":"publish","type":"page","link":"https:\/\/cysamanuales.com\/index.php\/cotizaciones\/","title":{"rendered":"Cotizaciones"},"content":{"rendered":"\n<p style=\"font-size:24px\"><strong>\u2013 FAST ADMINISTRATIVO \u2013<\/strong> <strong>COTIZACIONES<\/strong><\/p>\n\n\n\n<p>En esta gu\u00eda podemos generar cotizaciones para nuestros clientes, as\u00ed informar y establecer el valor de productos o servicios, y brindar un mejor servicio.<\/p>\n\n\n\n<p>1.- Primero se dirige al men\u00fa de arriba en <strong>Movimientos Generales<\/strong>\/<strong>Agregar<\/strong>(Cotizaciones). <\/p>\n\n\n\n<figure class=\"wp-block-image size-full\"><img loading=\"lazy\" width=\"419\" height=\"145\" src=\"https:\/\/cysamanuales.com\/wp-content\/uploads\/2022\/10\/Captura-de-pantalla-393.png\" alt=\"\" class=\"wp-image-1502\" srcset=\"https:\/\/cysamanuales.com\/wp-content\/uploads\/2022\/10\/Captura-de-pantalla-393.png 419w, https:\/\/cysamanuales.com\/wp-content\/uploads\/2022\/10\/Captura-de-pantalla-393-300x104.png 300w\" sizes=\"(max-width: 419px) 100vw, 419px\" \/><\/figure>\n\n\n\n<p>2.- Ahora verificamos los siguientes datos,<strong> Folio<\/strong> consecutivo, <strong>Fecha<\/strong>, <strong>Forma de pago<\/strong>, el usuario que sera el<strong> vendedor<\/strong>, el <strong>sucursal<\/strong> y el <strong>almac\u00e9n<\/strong>, ademas del<strong> cliente<\/strong>.<\/p>\n\n\n\n<figure class=\"wp-block-image size-full\"><img loading=\"lazy\" width=\"483\" height=\"584\" src=\"https:\/\/cysamanuales.com\/wp-content\/uploads\/2022\/10\/Captura-de-pantalla-394-1.png\" alt=\"\" class=\"wp-image-1505\" srcset=\"https:\/\/cysamanuales.com\/wp-content\/uploads\/2022\/10\/Captura-de-pantalla-394-1.png 483w, https:\/\/cysamanuales.com\/wp-content\/uploads\/2022\/10\/Captura-de-pantalla-394-1-248x300.png 248w\" sizes=\"(max-width: 483px) 100vw, 483px\" \/><\/figure>\n\n\n\n<p>2.1.- En <strong>cliente<\/strong> le damos click al <strong>bot\u00f3n de b\u00fasqueda<\/strong>, saldr\u00e1 una <strong>ventana,<\/strong> debe de seleccionar un cliente y dar <strong>doble click<\/strong> para <strong>agregarlo.<\/strong><\/p>\n\n\n\n<figure class=\"wp-block-image size-full\"><img loading=\"lazy\" width=\"473\" height=\"124\" src=\"https:\/\/cysamanuales.com\/wp-content\/uploads\/2022\/10\/Captura-de-pantalla-396.png\" alt=\"\" class=\"wp-image-1504\" srcset=\"https:\/\/cysamanuales.com\/wp-content\/uploads\/2022\/10\/Captura-de-pantalla-396.png 473w, https:\/\/cysamanuales.com\/wp-content\/uploads\/2022\/10\/Captura-de-pantalla-396-300x79.png 300w\" sizes=\"(max-width: 473px) 100vw, 473px\" \/><\/figure>\n\n\n\n<figure class=\"wp-block-image size-large\"><img loading=\"lazy\" width=\"1024\" height=\"539\" src=\"https:\/\/cysamanuales.com\/wp-content\/uploads\/2022\/10\/Captura-de-pantalla-395-1024x539.png\" alt=\"\" class=\"wp-image-1506\" srcset=\"https:\/\/cysamanuales.com\/wp-content\/uploads\/2022\/10\/Captura-de-pantalla-395-1024x539.png 1024w, https:\/\/cysamanuales.com\/wp-content\/uploads\/2022\/10\/Captura-de-pantalla-395-300x158.png 300w, https:\/\/cysamanuales.com\/wp-content\/uploads\/2022\/10\/Captura-de-pantalla-395-768x404.png 768w, https:\/\/cysamanuales.com\/wp-content\/uploads\/2022\/10\/Captura-de-pantalla-395.png 1211w\" sizes=\"(max-width: 1024px) 100vw, 1024px\" \/><\/figure>\n\n\n\n<p>2.2.- En la columna de<strong>\u00a0producto<\/strong>\u00a0debe buscar escribiendo el nombre o dando click al <strong>bot\u00f3n de buscar,<\/strong>donde abrira una ventana, y debe\u00a0<strong>selecciona<\/strong>\u00a0un\u00a0<strong>producto,\u00a0<\/strong>despu\u00e9s debe dar al <strong>bot\u00f3n<\/strong> de <strong>agregar.<\/strong><\/p>\n\n\n\n<figure class=\"wp-block-image size-large\"><img loading=\"lazy\" width=\"1024\" height=\"563\" src=\"https:\/\/cysamanuales.com\/wp-content\/uploads\/2022\/10\/Captura-de-pantalla-405-1024x563.png\" alt=\"\" class=\"wp-image-1507\" srcset=\"https:\/\/cysamanuales.com\/wp-content\/uploads\/2022\/10\/Captura-de-pantalla-405-1024x563.png 1024w, https:\/\/cysamanuales.com\/wp-content\/uploads\/2022\/10\/Captura-de-pantalla-405-300x165.png 300w, https:\/\/cysamanuales.com\/wp-content\/uploads\/2022\/10\/Captura-de-pantalla-405-768x422.png 768w, https:\/\/cysamanuales.com\/wp-content\/uploads\/2022\/10\/Captura-de-pantalla-405-1536x844.png 1536w, https:\/\/cysamanuales.com\/wp-content\/uploads\/2022\/10\/Captura-de-pantalla-405.png 1625w\" sizes=\"(max-width: 1024px) 100vw, 1024px\" \/><\/figure>\n\n\n\n<p>3.- Para guardar la cotizaci\u00f3n, debe dar click al<strong>\u00a0bot\u00f3n de guardar, verificando<\/strong>\u00a0que la\u00a0<strong>casilla\u00a0<\/strong>de\u00a0<strong>Enviar por correo,<\/strong>\u00a0este\u00a0<strong>marcada\u00a0<\/strong>si requiere que la cotizaci\u00f3n se envi\u00e9 de forma\u00a0<strong>autom\u00e1tica,<\/strong>\u00a0En caso de que requerir que la factura sea\u00a0<strong>manual desmarque la casilla.<\/strong><\/p>\n\n\n\n<figure class=\"wp-block-image size-large\"><img loading=\"lazy\" width=\"1024\" height=\"407\" src=\"https:\/\/cysamanuales.com\/wp-content\/uploads\/2022\/10\/Captura-de-pantalla-399-1024x407.png\" alt=\"\" class=\"wp-image-1508\" srcset=\"https:\/\/cysamanuales.com\/wp-content\/uploads\/2022\/10\/Captura-de-pantalla-399-1024x407.png 1024w, https:\/\/cysamanuales.com\/wp-content\/uploads\/2022\/10\/Captura-de-pantalla-399-300x119.png 300w, https:\/\/cysamanuales.com\/wp-content\/uploads\/2022\/10\/Captura-de-pantalla-399-768x305.png 768w, https:\/\/cysamanuales.com\/wp-content\/uploads\/2022\/10\/Captura-de-pantalla-399-1536x611.png 1536w, https:\/\/cysamanuales.com\/wp-content\/uploads\/2022\/10\/Captura-de-pantalla-399.png 1879w\" sizes=\"(max-width: 1024px) 100vw, 1024px\" \/><\/figure>\n\n\n\n<p>3.1.- Despu\u00e9s de eso saldr\u00e1&nbsp;una <strong>pantalla<\/strong>&nbsp;de&nbsp;<strong>Enviar documentos por correo<\/strong>, en el apartado de&nbsp;<strong>receptor&nbsp;<\/strong>debe agregar el&nbsp;<strong>correo<\/strong> de la persona&nbsp;al que se&nbsp;<strong>enviara la cotizaci\u00f3n.<\/strong><\/p>\n\n\n\n<figure class=\"wp-block-image size-large\"><img loading=\"lazy\" width=\"1024\" height=\"459\" src=\"https:\/\/cysamanuales.com\/wp-content\/uploads\/2022\/10\/revision_8-1024x459.png\" alt=\"\" class=\"wp-image-1539\" srcset=\"https:\/\/cysamanuales.com\/wp-content\/uploads\/2022\/10\/revision_8-1024x459.png 1024w, https:\/\/cysamanuales.com\/wp-content\/uploads\/2022\/10\/revision_8-300x134.png 300w, https:\/\/cysamanuales.com\/wp-content\/uploads\/2022\/10\/revision_8-768x344.png 768w, https:\/\/cysamanuales.com\/wp-content\/uploads\/2022\/10\/revision_8.png 1359w\" sizes=\"(max-width: 1024px) 100vw, 1024px\" \/><\/figure>\n\n\n\n<p>3.2.- Posteriormente&nbsp;<strong>saldr\u00e1<\/strong>&nbsp;un&nbsp;<strong>mensaje:&nbsp;<\/strong>el&nbsp;Mensaje&nbsp;fue enviado<strong>&nbsp;exitosamente<\/strong>, debe dar<strong>&nbsp;click<\/strong>&nbsp;en&nbsp;<strong>aceptar<\/strong>&nbsp;y se&nbsp;<strong>guarda<\/strong>&nbsp;el&nbsp;<strong>reporte en pdf<\/strong>&nbsp;de manera local.<\/p>\n\n\n\n<figure class=\"wp-block-image size-full\"><img loading=\"lazy\" width=\"597\" height=\"293\" src=\"https:\/\/cysamanuales.com\/wp-content\/uploads\/2022\/10\/Captura-de-pantalla-403.png\" alt=\"\" class=\"wp-image-1510\" srcset=\"https:\/\/cysamanuales.com\/wp-content\/uploads\/2022\/10\/Captura-de-pantalla-403.png 597w, https:\/\/cysamanuales.com\/wp-content\/uploads\/2022\/10\/Captura-de-pantalla-403-300x147.png 300w\" sizes=\"(max-width: 597px) 100vw, 597px\" \/><\/figure>\n\n\n\n<p>4.- Con estos pasos puede&nbsp;<strong>concluir&nbsp;<\/strong>con la&nbsp;realizaci\u00f3n de la&nbsp;<strong>Cotizaci\u00f3n<\/strong>&nbsp;puede seguir con la&nbsp;<strong>siguiente gu\u00eda.<\/strong><\/p>\n","protected":false},"excerpt":{"rendered":"<p>\u2013 FAST ADMINISTRATIVO \u2013 COTIZACIONES En esta gu\u00eda podemos generar cotizaciones para nuestros clientes, as\u00ed informar y establecer el valor de productos o servicios, y brindar un mejor servicio. 1.- Primero se dirige al men\u00fa de arriba en Movimientos Generales\/Agregar(Cotizaciones). 2.- Ahora verificamos los siguientes datos, Folio consecutivo, Fecha, Forma [&hellip;]<\/p>\n","protected":false},"author":1,"featured_media":0,"parent":0,"menu_order":0,"comment_status":"closed","ping_status":"closed","template":"","meta":[],"_links":{"self":[{"href":"https:\/\/cysamanuales.com\/index.php\/wp-json\/wp\/v2\/pages\/1501"}],"collection":[{"href":"https:\/\/cysamanuales.com\/index.php\/wp-json\/wp\/v2\/pages"}],"about":[{"href":"https:\/\/cysamanuales.com\/index.php\/wp-json\/wp\/v2\/types\/page"}],"author":[{"embeddable":true,"href":"https:\/\/cysamanuales.com\/index.php\/wp-json\/wp\/v2\/users\/1"}],"replies":[{"embeddable":true,"href":"https:\/\/cysamanuales.com\/index.php\/wp-json\/wp\/v2\/comments?post=1501"}],"version-history":[{"count":3,"href":"https:\/\/cysamanuales.com\/index.php\/wp-json\/wp\/v2\/pages\/1501\/revisions"}],"predecessor-version":[{"id":1684,"href":"https:\/\/cysamanuales.com\/index.php\/wp-json\/wp\/v2\/pages\/1501\/revisions\/1684"}],"wp:attachment":[{"href":"https:\/\/cysamanuales.com\/index.php\/wp-json\/wp\/v2\/media?parent=1501"}],"curies":[{"name":"wp","href":"https:\/\/api.w.org\/{rel}","templated":true}]}}