{"id":1518,"date":"2022-10-18T20:21:37","date_gmt":"2022-10-18T20:21:37","guid":{"rendered":"http:\/\/cysamanuales.com\/?page_id=1518"},"modified":"2022-10-19T23:10:48","modified_gmt":"2022-10-19T23:10:48","slug":"requisiciones","status":"publish","type":"page","link":"https:\/\/cysamanuales.com\/index.php\/requisiciones\/","title":{"rendered":"Requisiciones"},"content":{"rendered":"\n<p style=\"font-size:24px\"><strong>\u2013 FAST ADMINISTRATIVO \u2013 REQUISICIONES<\/strong><\/p>\n\n\n\n<p>En esta gu\u00eda podemos realizar las requisiciones en el sistema&nbsp;<strong>Fast Administrativo,<\/strong>&nbsp;la requisicion es un&nbsp;documento que permite la realizaci\u00f3n de una solicitud de adquisici\u00f3n de un producto o servicio a nivel interno de una organizaci\u00f3n. una ves sabiendo esto realizaremos los siguientes pasos.<\/p>\n\n\n\n<p>1.- Se debe dirigir al men\u00fa de arriba, en el apartado de&nbsp;<strong>Movimientos Generales\/Requisici\u00f3n<\/strong>.<\/p>\n\n\n\n<figure class=\"wp-block-image size-full\"><img loading=\"lazy\" width=\"949\" height=\"144\" src=\"https:\/\/cysamanuales.com\/wp-content\/uploads\/2022\/10\/Captura-de-pantalla-415.png\" alt=\"\" class=\"wp-image-1519\" srcset=\"https:\/\/cysamanuales.com\/wp-content\/uploads\/2022\/10\/Captura-de-pantalla-415.png 949w, https:\/\/cysamanuales.com\/wp-content\/uploads\/2022\/10\/Captura-de-pantalla-415-300x46.png 300w, https:\/\/cysamanuales.com\/wp-content\/uploads\/2022\/10\/Captura-de-pantalla-415-768x117.png 768w\" sizes=\"(max-width: 949px) 100vw, 949px\" \/><\/figure>\n\n\n\n<p>2.- Ahora verificamos los siguientes datos, el&nbsp;<strong>Folio,<\/strong> la <strong>Fecha<\/strong>, <strong>sucursal<\/strong>, <strong>Almac\u00e9n<\/strong>, &nbsp;<strong>Usuario Remitente<\/strong>,&nbsp;Selecciona el <strong>destinatario<\/strong>, <strong>contacto solicitado<\/strong>, el <strong>contacto que lo autoriza<\/strong>, un <strong>comentario<\/strong> (opcional), y el <strong>lugar de entrega<\/strong>, y el producto.<\/p>\n\n\n\n<figure class=\"wp-block-image size-large\"><img loading=\"lazy\" width=\"1024\" height=\"466\" src=\"https:\/\/cysamanuales.com\/wp-content\/uploads\/2022\/10\/Captura-de-pantalla-416-1024x466.png\" alt=\"\" class=\"wp-image-1520\" srcset=\"https:\/\/cysamanuales.com\/wp-content\/uploads\/2022\/10\/Captura-de-pantalla-416-1024x466.png 1024w, https:\/\/cysamanuales.com\/wp-content\/uploads\/2022\/10\/Captura-de-pantalla-416-300x137.png 300w, https:\/\/cysamanuales.com\/wp-content\/uploads\/2022\/10\/Captura-de-pantalla-416-768x350.png 768w, https:\/\/cysamanuales.com\/wp-content\/uploads\/2022\/10\/Captura-de-pantalla-416.png 1326w\" sizes=\"(max-width: 1024px) 100vw, 1024px\" \/><\/figure>\n\n\n\n<p>2.1.- En la columna de<strong>&nbsp;Agregar productos<\/strong>&nbsp;debe dar click en el icono de buscar, donde abrir\u00e1 una ventana donde debe de <strong>seleccionar<\/strong> un <strong>producto,&nbsp;<\/strong>despu\u00e9s debe dar en el&nbsp;<strong>bot\u00f3n de agregar<\/strong>&nbsp;para continuar con el<strong>&nbsp;siguiente paso.<\/strong><\/p>\n\n\n\n<figure class=\"wp-block-image size-large\"><img loading=\"lazy\" width=\"1024\" height=\"617\" src=\"https:\/\/cysamanuales.com\/wp-content\/uploads\/2022\/10\/Captura-de-pantalla-408-1024x617.png\" alt=\"\" class=\"wp-image-1523\" srcset=\"https:\/\/cysamanuales.com\/wp-content\/uploads\/2022\/10\/Captura-de-pantalla-408-1024x617.png 1024w, https:\/\/cysamanuales.com\/wp-content\/uploads\/2022\/10\/Captura-de-pantalla-408-300x181.png 300w, https:\/\/cysamanuales.com\/wp-content\/uploads\/2022\/10\/Captura-de-pantalla-408-768x463.png 768w, https:\/\/cysamanuales.com\/wp-content\/uploads\/2022\/10\/Captura-de-pantalla-408.png 1309w\" sizes=\"(max-width: 1024px) 100vw, 1024px\" \/><\/figure>\n\n\n\n<p>3.- Una vez capturados los datos requeridos, debe dar click al<strong>&nbsp;bot\u00f3n de guardar,<\/strong> al guardarse se abrir\u00e1 una ventana de &nbsp;<strong>Enviar documentos por correo<\/strong>, en el apartado de&nbsp;<strong>receptor&nbsp;<\/strong>debe agregar el&nbsp;<strong>correo<\/strong>&nbsp;de la persona al cual se le enviara la requisici\u00f3n<strong>.<\/strong><\/p>\n\n\n\n<figure class=\"wp-block-image size-large\"><img loading=\"lazy\" width=\"1024\" height=\"442\" src=\"https:\/\/cysamanuales.com\/wp-content\/uploads\/2022\/10\/Captura-de-pantalla-417-1024x442.png\" alt=\"\" class=\"wp-image-1525\" srcset=\"https:\/\/cysamanuales.com\/wp-content\/uploads\/2022\/10\/Captura-de-pantalla-417-1024x442.png 1024w, https:\/\/cysamanuales.com\/wp-content\/uploads\/2022\/10\/Captura-de-pantalla-417-300x130.png 300w, https:\/\/cysamanuales.com\/wp-content\/uploads\/2022\/10\/Captura-de-pantalla-417-768x332.png 768w, https:\/\/cysamanuales.com\/wp-content\/uploads\/2022\/10\/Captura-de-pantalla-417.png 1482w\" sizes=\"(max-width: 1024px) 100vw, 1024px\" \/><\/figure>\n\n\n\n<p>3.1.- Posteriormente&nbsp;<strong>saldr\u00e1<\/strong>&nbsp;un&nbsp;<strong>mensaje:&nbsp;<\/strong>el&nbsp;<strong>correo<\/strong>&nbsp;fue enviado<strong>&nbsp;exitosamente<\/strong>, debe dar<strong>&nbsp;click<\/strong>&nbsp;en&nbsp;<strong>aceptar<\/strong>&nbsp;y se&nbsp;<strong>guarda<\/strong>&nbsp;el&nbsp;<strong>reporte en pdf<\/strong>&nbsp;de manera local.<\/p>\n\n\n\n<figure class=\"wp-block-image size-full\"><img loading=\"lazy\" width=\"576\" height=\"279\" src=\"https:\/\/cysamanuales.com\/wp-content\/uploads\/2022\/10\/Captura-de-pantalla-413.png\" alt=\"\" class=\"wp-image-1526\" srcset=\"https:\/\/cysamanuales.com\/wp-content\/uploads\/2022\/10\/Captura-de-pantalla-413.png 576w, https:\/\/cysamanuales.com\/wp-content\/uploads\/2022\/10\/Captura-de-pantalla-413-300x145.png 300w\" sizes=\"(max-width: 576px) 100vw, 576px\" \/><\/figure>\n\n\n\n<p>4.- Con estos pasos puede\u00a0<strong>concluir\u00a0<\/strong>con la\u00a0realizaci\u00f3n de la\u00a0<strong>Requisici\u00f3n<\/strong>\u00a0puede seguir con la\u00a0<strong>siguiente gu\u00eda.<\/strong><\/p>\n","protected":false},"excerpt":{"rendered":"<p>\u2013 FAST ADMINISTRATIVO \u2013 REQUISICIONES En esta gu\u00eda podemos realizar las requisiciones en el sistema&nbsp;Fast Administrativo,&nbsp;la requisicion es un&nbsp;documento que permite la realizaci\u00f3n de una solicitud de adquisici\u00f3n de un producto o servicio a nivel interno de una organizaci\u00f3n. una ves sabiendo esto realizaremos los siguientes pasos. 1.- Se debe [&hellip;]<\/p>\n","protected":false},"author":1,"featured_media":0,"parent":0,"menu_order":0,"comment_status":"closed","ping_status":"closed","template":"","meta":[],"_links":{"self":[{"href":"https:\/\/cysamanuales.com\/index.php\/wp-json\/wp\/v2\/pages\/1518"}],"collection":[{"href":"https:\/\/cysamanuales.com\/index.php\/wp-json\/wp\/v2\/pages"}],"about":[{"href":"https:\/\/cysamanuales.com\/index.php\/wp-json\/wp\/v2\/types\/page"}],"author":[{"embeddable":true,"href":"https:\/\/cysamanuales.com\/index.php\/wp-json\/wp\/v2\/users\/1"}],"replies":[{"embeddable":true,"href":"https:\/\/cysamanuales.com\/index.php\/wp-json\/wp\/v2\/comments?post=1518"}],"version-history":[{"count":2,"href":"https:\/\/cysamanuales.com\/index.php\/wp-json\/wp\/v2\/pages\/1518\/revisions"}],"predecessor-version":[{"id":1580,"href":"https:\/\/cysamanuales.com\/index.php\/wp-json\/wp\/v2\/pages\/1518\/revisions\/1580"}],"wp:attachment":[{"href":"https:\/\/cysamanuales.com\/index.php\/wp-json\/wp\/v2\/media?parent=1518"}],"curies":[{"name":"wp","href":"https:\/\/api.w.org\/{rel}","templated":true}]}}