{"id":1698,"date":"2022-10-25T16:44:02","date_gmt":"2022-10-25T16:44:02","guid":{"rendered":"http:\/\/cysamanuales.com\/?page_id=1698"},"modified":"2022-10-25T16:53:05","modified_gmt":"2022-10-25T16:53:05","slug":"facturar-nota-de-venta","status":"publish","type":"page","link":"https:\/\/cysamanuales.com\/index.php\/facturar-nota-de-venta\/","title":{"rendered":"Facturar Nota de Venta"},"content":{"rendered":"\n<p style=\"font-size:24px\"><strong>\u2013 FAST ADMINISTRATIVO<\/strong>&nbsp;<strong>\u2013<\/strong> <strong>FACTURAR NOTA DE VENTA<\/strong><\/p>\n\n\n\n<p>En esta gu\u00eda podemos realizar las facturaci\u00f3n de las notas de venta en el sistema&nbsp;<strong>Fast Administrativo,<\/strong>&nbsp;siguiendo los pasos correspondientes sera f\u00e1cil de aplicar la factura sin ning\u00fan tipo problema.<\/p>\n\n\n\n<p>1.- Primero dirigirse al men\u00fa superior en el apartado de <strong>Movimientos Generales\/Consulta de Tickets.<\/strong><\/p>\n\n\n\n<figure class=\"wp-block-image size-full is-resized\"><img loading=\"lazy\" src=\"https:\/\/cysamanuales.com\/wp-content\/uploads\/2022\/10\/Captura-de-pantalla-492.png\" alt=\"\" class=\"wp-image-1699\" width=\"366\" height=\"195\"\/><\/figure>\n\n\n\n<p>2.- En el apartado de <strong>Consulta de Tickets,<\/strong> por defecto nos mostrara todas las consultas de ventas que se hicieron por<strong> fecha<\/strong>.<\/p>\n\n\n\n<p>2.1.- Debe <strong>seleccionar<\/strong> un <strong>ticket<\/strong> y dar <strong>click derecho<\/strong>, saldr\u00e1n varias opciones, en una opci\u00f3n de aplicar factura, debe dar <strong>click<\/strong> a <strong>esa opci\u00f3n<\/strong>, el cual saldr\u00e1 una ventana.<\/p>\n\n\n\n<figure class=\"wp-block-image size-large\"><img loading=\"lazy\" width=\"1024\" height=\"425\" src=\"https:\/\/cysamanuales.com\/wp-content\/uploads\/2022\/10\/Captura-de-pantalla-493-1024x425.png\" alt=\"\" class=\"wp-image-1701\" srcset=\"https:\/\/cysamanuales.com\/wp-content\/uploads\/2022\/10\/Captura-de-pantalla-493-1024x425.png 1024w, https:\/\/cysamanuales.com\/wp-content\/uploads\/2022\/10\/Captura-de-pantalla-493-300x124.png 300w, https:\/\/cysamanuales.com\/wp-content\/uploads\/2022\/10\/Captura-de-pantalla-493-768x319.png 768w, https:\/\/cysamanuales.com\/wp-content\/uploads\/2022\/10\/Captura-de-pantalla-493.png 1502w\" sizes=\"(max-width: 1024px) 100vw, 1024px\" \/><\/figure>\n\n\n\n<p>2.2.- En el apartado de detalles Factura de la Nota de Venta, puede visualizar los siguientes datos, <strong>Folio <\/strong>por predeterminado, la <strong>fecha<\/strong>, <strong>Metodo de pago<\/strong>, la <strong>forma de pago,<\/strong> <strong>Uso del CFDI<\/strong>, el <strong>cliente <\/strong>que hizo la compra, el <strong>comentario<\/strong> que esta por predeterminado, y los <strong>productos <\/strong>que se vendieron. <strong>Verificando<\/strong>\u00a0que la\u00a0<strong>casilla\u00a0<\/strong>de\u00a0<strong>Enviar por correo,<\/strong>\u00a0este\u00a0<strong>marcada\u00a0<\/strong>si requiere que se envi\u00e9 la factura de forma\u00a0<strong>autom\u00e1tica,<\/strong>\u00a0En caso de que requerir que la factura sea\u00a0<strong>manual desmarque la casilla.<\/strong><\/p>\n\n\n\n<figure class=\"wp-block-image size-large\"><img loading=\"lazy\" width=\"1024\" height=\"609\" src=\"https:\/\/cysamanuales.com\/wp-content\/uploads\/2022\/10\/Captura-de-pantalla-494-1024x609.png\" alt=\"\" class=\"wp-image-1700\" srcset=\"https:\/\/cysamanuales.com\/wp-content\/uploads\/2022\/10\/Captura-de-pantalla-494-1024x609.png 1024w, https:\/\/cysamanuales.com\/wp-content\/uploads\/2022\/10\/Captura-de-pantalla-494-300x178.png 300w, https:\/\/cysamanuales.com\/wp-content\/uploads\/2022\/10\/Captura-de-pantalla-494-768x456.png 768w, https:\/\/cysamanuales.com\/wp-content\/uploads\/2022\/10\/Captura-de-pantalla-494.png 1368w\" sizes=\"(max-width: 1024px) 100vw, 1024px\" \/><\/figure>\n\n\n\n<p>2.3.- Posteriormente debe dar click al <strong>bot\u00f3n de guardar<\/strong>, saldr\u00e1 una<strong> ventana<\/strong> de <strong>confirmaci\u00f3n:<\/strong> \u00bfEsta seguro de timbrar la factura?, debe aceptar para timbrar la factura.<\/p>\n\n\n\n<figure class=\"wp-block-image size-large\"><img loading=\"lazy\" width=\"1024\" height=\"329\" src=\"https:\/\/cysamanuales.com\/wp-content\/uploads\/2022\/10\/Captura-de-pantalla-496-1024x329.png\" alt=\"\" class=\"wp-image-1702\" srcset=\"https:\/\/cysamanuales.com\/wp-content\/uploads\/2022\/10\/Captura-de-pantalla-496-1024x329.png 1024w, https:\/\/cysamanuales.com\/wp-content\/uploads\/2022\/10\/Captura-de-pantalla-496-300x96.png 300w, https:\/\/cysamanuales.com\/wp-content\/uploads\/2022\/10\/Captura-de-pantalla-496-768x247.png 768w, https:\/\/cysamanuales.com\/wp-content\/uploads\/2022\/10\/Captura-de-pantalla-496.png 1169w\" sizes=\"(max-width: 1024px) 100vw, 1024px\" \/><\/figure>\n\n\n\n<p>2.4.- Despu\u00e9s de eso saldr\u00e1\u00a0<strong>otra pantalla<\/strong>\u00a0de\u00a0<strong>Enviar documentos por correo<\/strong>, en el apartado de\u00a0<strong>receptor\u00a0<\/strong>debe agregar el\u00a0<strong>correo<\/strong>\u00a0al que se\u00a0<strong>enviara la factura de la nota de venta.<\/strong> Solo debe dar click al icono de flecha para que se envi\u00e9.<\/p>\n\n\n\n<figure class=\"wp-block-image size-large\"><img loading=\"lazy\" width=\"1024\" height=\"477\" src=\"https:\/\/cysamanuales.com\/wp-content\/uploads\/2022\/10\/FNV_2-1024x477.png\" alt=\"\" class=\"wp-image-1705\" srcset=\"https:\/\/cysamanuales.com\/wp-content\/uploads\/2022\/10\/FNV_2-1024x477.png 1024w, https:\/\/cysamanuales.com\/wp-content\/uploads\/2022\/10\/FNV_2-300x140.png 300w, https:\/\/cysamanuales.com\/wp-content\/uploads\/2022\/10\/FNV_2-768x357.png 768w, https:\/\/cysamanuales.com\/wp-content\/uploads\/2022\/10\/FNV_2.png 1214w\" sizes=\"(max-width: 1024px) 100vw, 1024px\" \/><\/figure>\n\n\n\n<p>2.5.- Posteriormente<strong>\u00a0saldr\u00e1<\/strong>\u00a0un mensaje<strong>: el correo fue enviado exitosamente<\/strong>, debe dar<strong>\u00a0click<\/strong>\u00a0en\u00a0<strong>aceptar<\/strong>\u00a0y se\u00a0<strong>guarda<\/strong>\u00a0el\u00a0<strong>reporte en pdf<\/strong>\u00a0de manera local.<\/p>\n\n\n\n<figure class=\"wp-block-image size-full\"><img loading=\"lazy\" width=\"590\" height=\"380\" src=\"https:\/\/cysamanuales.com\/wp-content\/uploads\/2022\/10\/FNV.png\" alt=\"\" class=\"wp-image-1706\" srcset=\"https:\/\/cysamanuales.com\/wp-content\/uploads\/2022\/10\/FNV.png 590w, https:\/\/cysamanuales.com\/wp-content\/uploads\/2022\/10\/FNV-300x193.png 300w\" sizes=\"(max-width: 590px) 100vw, 590px\" \/><\/figure>\n\n\n\n<p>3.- Con estos pasos puede\u00a0<strong>concluir\u00a0<\/strong>con la\u00a0realizaci\u00f3n de la\u00a0<strong>factura nota de venta<\/strong>\u00a0puede seguir con la\u00a0<strong>siguiente gu\u00eda.<\/strong><\/p>\n","protected":false},"excerpt":{"rendered":"<p>\u2013 FAST ADMINISTRATIVO&nbsp;\u2013 FACTURAR NOTA DE VENTA En esta gu\u00eda podemos realizar las facturaci\u00f3n de las notas de venta en el sistema&nbsp;Fast Administrativo,&nbsp;siguiendo los pasos correspondientes sera f\u00e1cil de aplicar la factura sin ning\u00fan tipo problema. 1.- Primero dirigirse al men\u00fa superior en el apartado de Movimientos Generales\/Consulta de Tickets. [&hellip;]<\/p>\n","protected":false},"author":1,"featured_media":0,"parent":0,"menu_order":0,"comment_status":"closed","ping_status":"closed","template":"","meta":[],"_links":{"self":[{"href":"https:\/\/cysamanuales.com\/index.php\/wp-json\/wp\/v2\/pages\/1698"}],"collection":[{"href":"https:\/\/cysamanuales.com\/index.php\/wp-json\/wp\/v2\/pages"}],"about":[{"href":"https:\/\/cysamanuales.com\/index.php\/wp-json\/wp\/v2\/types\/page"}],"author":[{"embeddable":true,"href":"https:\/\/cysamanuales.com\/index.php\/wp-json\/wp\/v2\/users\/1"}],"replies":[{"embeddable":true,"href":"https:\/\/cysamanuales.com\/index.php\/wp-json\/wp\/v2\/comments?post=1698"}],"version-history":[{"count":2,"href":"https:\/\/cysamanuales.com\/index.php\/wp-json\/wp\/v2\/pages\/1698\/revisions"}],"predecessor-version":[{"id":1707,"href":"https:\/\/cysamanuales.com\/index.php\/wp-json\/wp\/v2\/pages\/1698\/revisions\/1707"}],"wp:attachment":[{"href":"https:\/\/cysamanuales.com\/index.php\/wp-json\/wp\/v2\/media?parent=1698"}],"curies":[{"name":"wp","href":"https:\/\/api.w.org\/{rel}","templated":true}]}}