{"id":1718,"date":"2022-10-28T19:02:26","date_gmt":"2022-10-28T19:02:26","guid":{"rendered":"http:\/\/cysamanuales.com\/?page_id=1718"},"modified":"2022-10-28T21:35:58","modified_gmt":"2022-10-28T21:35:58","slug":"complemento-de-pago-multiple","status":"publish","type":"page","link":"https:\/\/cysamanuales.com\/index.php\/complemento-de-pago-multiple\/","title":{"rendered":"Complemento de Pago &#8211; M\u00faltiple (Factoraje)"},"content":{"rendered":"\n<p>En este apartado podremos generar complementos de pago que requieran a\u00f1adir dos o m\u00e1s fechas de pago en un solo comprobante CFDI; as\u00ed mismo, es \u00fatil cuando se trata de comprobantes de pago de la modalidad de Factoraje (una financiera realiza el pago de las facturas, por lo cual, dicha empresa se convierte en el receptor de el CFDI de pago de las mismas). En esta gu\u00eda veremos dos modalidades de factoraje:<\/p>\n\n\n\n<p><strong>1.-Factoraje con Factura del Pago de Comisiones con Compensaci\u00f3n<\/strong><\/p>\n\n\n\n<p><strong>1.1<\/strong>.- En esta modalidad, nuestra financiera nos pagar\u00e1 el total de nuestras facturas menos el importe de comisi\u00f3n; por dicha comisi\u00f3n nos emitir\u00e1 una factura de tipo<strong> I- INGRESO<\/strong>,.<\/p>\n\n\n\n<p>Es necesario cargar la o las facturas de Comisi\u00f3n emitidas por su financiera. Esto lo haremos ingresando al men\u00fa Utiler\u00edas > Importar Cat\u00e1logos. Colocaremos solamente los <strong>XML<\/strong> en una carpeta y escogeremos esa carpeta en el campo <strong>Re-Crear Facturas<\/strong>:<\/p>\n\n\n\n<figure class=\"wp-block-image size-full\"><img loading=\"lazy\" width=\"717\" height=\"174\" src=\"https:\/\/cysamanuales.com\/wp-content\/uploads\/2022\/10\/image-1.png\" alt=\"\" class=\"wp-image-1721\" srcset=\"https:\/\/cysamanuales.com\/wp-content\/uploads\/2022\/10\/image-1.png 717w, https:\/\/cysamanuales.com\/wp-content\/uploads\/2022\/10\/image-1-300x73.png 300w\" sizes=\"(max-width: 717px) 100vw, 717px\" \/><\/figure>\n\n\n\n<p><\/p>\n\n\n\n<p>Oprimimiremos el bot\u00f3n Guardar y, en dado caso que nos solicite una serie de foliaci\u00f3n, seleccionamos cualquera de las del listado en pantalla.<\/p>\n\n\n\n<figure class=\"wp-block-image size-full\"><img loading=\"lazy\" width=\"683\" height=\"250\" src=\"https:\/\/cysamanuales.com\/wp-content\/uploads\/2022\/10\/image-2.png\" alt=\"\" class=\"wp-image-1722\" srcset=\"https:\/\/cysamanuales.com\/wp-content\/uploads\/2022\/10\/image-2.png 683w, https:\/\/cysamanuales.com\/wp-content\/uploads\/2022\/10\/image-2-300x110.png 300w\" sizes=\"(max-width: 683px) 100vw, 683px\" \/><figcaption>Esperaremos por el mensaje de confirmaci\u00f3n y con estos sencillos pasos las facturas de nuestra Financiera estar\u00e1n ingresadas al sistema. Este procedimiento tambi\u00e9n es \u00faltil cuando queremos timbrar complemento de pago de Facturas que hemos emitido a trav\u00e9s del portal de SAT o de otro sistema de facturaci\u00f3n.<\/figcaption><\/figure>\n\n\n\n<p><strong>1.2.<\/strong>-Ingresaremos al men\u00fa<strong> Comprobantes &gt; Comprobante de Pago M\u00faltiple:<\/strong><\/p>\n\n\n\n<figure class=\"wp-block-image size-full\"><img loading=\"lazy\" width=\"693\" height=\"356\" src=\"https:\/\/cysamanuales.com\/wp-content\/uploads\/2022\/10\/image-3.png\" alt=\"\" class=\"wp-image-1725\" srcset=\"https:\/\/cysamanuales.com\/wp-content\/uploads\/2022\/10\/image-3.png 693w, https:\/\/cysamanuales.com\/wp-content\/uploads\/2022\/10\/image-3-300x154.png 300w\" sizes=\"(max-width: 693px) 100vw, 693px\" \/><\/figure>\n\n\n\n<p><\/p>\n\n\n\n<p>Veremos la siguiente pantalla. Como primer dato escogeremos en el campo Cliente, a nuestro deudor, es decir, la empresa de cuyas facturas deseamos obtener el pago.  Para efectos de ejemplificaci\u00f3n, trabajaremos con <strong>PUBLICO EN GENERAL.<\/strong><\/p>\n\n\n\n<figure class=\"wp-block-image size-full\"><img loading=\"lazy\" width=\"650\" height=\"275\" src=\"https:\/\/cysamanuales.com\/wp-content\/uploads\/2022\/10\/image-7.png\" alt=\"\" class=\"wp-image-1729\" srcset=\"https:\/\/cysamanuales.com\/wp-content\/uploads\/2022\/10\/image-7.png 650w, https:\/\/cysamanuales.com\/wp-content\/uploads\/2022\/10\/image-7-300x127.png 300w\" sizes=\"(max-width: 650px) 100vw, 650px\" \/><\/figure>\n\n\n\n<p>Oprimiremos el bot\u00f3n <strong>AGREGAR DETALLES<\/strong>.<\/p>\n\n\n\n<figure class=\"wp-block-image size-full\"><img loading=\"lazy\" width=\"722\" height=\"341\" src=\"https:\/\/cysamanuales.com\/wp-content\/uploads\/2022\/10\/image-8.png\" alt=\"\" class=\"wp-image-1730\" srcset=\"https:\/\/cysamanuales.com\/wp-content\/uploads\/2022\/10\/image-8.png 722w, https:\/\/cysamanuales.com\/wp-content\/uploads\/2022\/10\/image-8-300x142.png 300w\" sizes=\"(max-width: 722px) 100vw, 722px\" \/><\/figure>\n\n\n\n<p>Ahora veremos el listado de facturas del mes actual que este cliente nos adeuda. Ajustando las fechas como sea necesario, podremos acceder a las facturas de meses anteriores.<\/p>\n\n\n\n<figure class=\"wp-block-image size-full\"><img loading=\"lazy\" width=\"785\" height=\"445\" src=\"https:\/\/cysamanuales.com\/wp-content\/uploads\/2022\/10\/image-9.png\" alt=\"\" class=\"wp-image-1731\" srcset=\"https:\/\/cysamanuales.com\/wp-content\/uploads\/2022\/10\/image-9.png 785w, https:\/\/cysamanuales.com\/wp-content\/uploads\/2022\/10\/image-9-300x170.png 300w, https:\/\/cysamanuales.com\/wp-content\/uploads\/2022\/10\/image-9-768x435.png 768w\" sizes=\"(max-width: 785px) 100vw, 785px\" \/><figcaption>Una vez ubiquemos un rango en el cual nos aparezcan todas las facturas que deseamos anexar al pago, procederemos a marcarlas mediante la casilla de verificaci\u00f3n en de la columna <strong>SEL<\/strong> de la tabla. De la misma manera, en la columna <strong>ABONO<\/strong>, resaltada en color naranja, vamos a ajustar el importe al monto de la factura, menos la comisi\u00f3n de nuestra financiera. En el ejemplo hemos capturado el importe $3,000.00, siendo que el nuevo saldo que nos arrojar\u00e1 el sistema, debe coincidir con dicha comisi\u00f3n.<br><br>Capturaremos la <strong>FECHA DE PAGO <\/strong>y <strong>FORMA DE PAGO<\/strong> del movimiento. <\/figcaption><\/figure>\n\n\n\n<figure class=\"wp-block-image size-full\"><img loading=\"lazy\" width=\"998\" height=\"494\" src=\"https:\/\/cysamanuales.com\/wp-content\/uploads\/2022\/10\/image-10.png\" alt=\"\" class=\"wp-image-1732\" srcset=\"https:\/\/cysamanuales.com\/wp-content\/uploads\/2022\/10\/image-10.png 998w, https:\/\/cysamanuales.com\/wp-content\/uploads\/2022\/10\/image-10-300x148.png 300w, https:\/\/cysamanuales.com\/wp-content\/uploads\/2022\/10\/image-10-768x380.png 768w\" sizes=\"(max-width: 998px) 100vw, 998px\" \/><\/figure>\n\n\n\n<figure class=\"wp-block-image size-full\"><img loading=\"lazy\" width=\"494\" height=\"233\" src=\"https:\/\/cysamanuales.com\/wp-content\/uploads\/2022\/10\/image-11.png\" alt=\"\" class=\"wp-image-1733\" srcset=\"https:\/\/cysamanuales.com\/wp-content\/uploads\/2022\/10\/image-11.png 494w, https:\/\/cysamanuales.com\/wp-content\/uploads\/2022\/10\/image-11-300x141.png 300w\" sizes=\"(max-width: 494px) 100vw, 494px\" \/><figcaption>Haremos lo mismo con todas las facturas que agregaremos en el pago. Conforme vayamos escogiendo las facturas y capturando el abono, este total se ver\u00e1 reflejado en el campo <strong>MONTO<\/strong>. Este monto debe coincidir con su pago bancario.<\/figcaption><\/figure>\n\n\n\n<figure class=\"wp-block-image size-full\"><img loading=\"lazy\" width=\"464\" height=\"347\" src=\"https:\/\/cysamanuales.com\/wp-content\/uploads\/2022\/10\/image-12.png\" alt=\"\" class=\"wp-image-1734\" srcset=\"https:\/\/cysamanuales.com\/wp-content\/uploads\/2022\/10\/image-12.png 464w, https:\/\/cysamanuales.com\/wp-content\/uploads\/2022\/10\/image-12-300x224.png 300w\" sizes=\"(max-width: 464px) 100vw, 464px\" \/><\/figure>\n\n\n\n<p>Para finalizar, haremos clic al bot\u00f3n <strong>GUARDAR<\/strong>, lo cual guardar\u00e1 temporalmente nuestro pago, y nos permitir\u00e1 continuar con el siguiente paso.<\/p>\n\n\n\n<figure class=\"wp-block-image size-full\"><img loading=\"lazy\" width=\"545\" height=\"454\" src=\"https:\/\/cysamanuales.com\/wp-content\/uploads\/2022\/10\/image-13.png\" alt=\"\" class=\"wp-image-1735\" srcset=\"https:\/\/cysamanuales.com\/wp-content\/uploads\/2022\/10\/image-13.png 545w, https:\/\/cysamanuales.com\/wp-content\/uploads\/2022\/10\/image-13-300x250.png 300w\" sizes=\"(max-width: 545px) 100vw, 545px\" \/><\/figure>\n\n\n\n<p><strong>1.3.-<\/strong>Ahora nos regresa a la pantalla inicial. Ya que hemos agregado todos los pagos de P\u00daBLICO EN GENERAL, como siguiente paso debemos anexar la factura de la comisi\u00f3n de nuestra financiera. Para realizar esto, cambiamos en cliente, y buscamos nuestra Raz\u00f3n Social (misma que se crea en autom\u00e1tico en el cat\u00e1logo de clientes, al importar los XML).  Si es la primera vez que emitimos el complemento de factoraje, es posible que tengamos que completar los campos R\u00e9gimen Fiscal y C\u00f3digo Postal en la versi\u00f3n de CFDI 4.0.<\/p>\n\n\n\n<figure class=\"wp-block-image size-full\"><img loading=\"lazy\" width=\"695\" height=\"419\" src=\"https:\/\/cysamanuales.com\/wp-content\/uploads\/2022\/10\/image-14.png\" alt=\"\" class=\"wp-image-1738\" srcset=\"https:\/\/cysamanuales.com\/wp-content\/uploads\/2022\/10\/image-14.png 695w, https:\/\/cysamanuales.com\/wp-content\/uploads\/2022\/10\/image-14-300x181.png 300w\" sizes=\"(max-width: 695px) 100vw, 695px\" \/><\/figure>\n\n\n\n<p>A continuaci\u00f3n, hacemos clic nuevamente, en agregar detalles.<\/p>\n\n\n\n<figure class=\"wp-block-image size-full\"><img loading=\"lazy\" width=\"821\" height=\"415\" src=\"https:\/\/cysamanuales.com\/wp-content\/uploads\/2022\/10\/image-15.png\" alt=\"\" class=\"wp-image-1739\" srcset=\"https:\/\/cysamanuales.com\/wp-content\/uploads\/2022\/10\/image-15.png 821w, https:\/\/cysamanuales.com\/wp-content\/uploads\/2022\/10\/image-15-300x152.png 300w, https:\/\/cysamanuales.com\/wp-content\/uploads\/2022\/10\/image-15-768x388.png 768w\" sizes=\"(max-width: 821px) 100vw, 821px\" \/><\/figure>\n\n\n\n<p>Seleccionaremos la factura de la financiera (de la cual nosotros somos el Cliente), y escogemos como forma de pago el valor <strong>17-Compensaci\u00f3n<\/strong>. Verificamos la fecha y oprimimos <strong>AGREGAR<\/strong> (en la parte superior).<\/p>\n\n\n\n<p>Volveremos a la pantalla inicial. Como \u00faltimo paso, seleccionamos la raz\u00f3n social de nuestra financiera, en el campo <strong>FACTORANTE<\/strong>.<\/p>\n\n\n\n<figure class=\"wp-block-image size-full\"><img loading=\"lazy\" width=\"920\" height=\"456\" src=\"https:\/\/cysamanuales.com\/wp-content\/uploads\/2022\/10\/image-16.png\" alt=\"\" class=\"wp-image-1740\" srcset=\"https:\/\/cysamanuales.com\/wp-content\/uploads\/2022\/10\/image-16.png 920w, https:\/\/cysamanuales.com\/wp-content\/uploads\/2022\/10\/image-16-300x149.png 300w, https:\/\/cysamanuales.com\/wp-content\/uploads\/2022\/10\/image-16-768x381.png 768w\" sizes=\"(max-width: 920px) 100vw, 920px\" \/><\/figure>\n\n\n\n<p>Con estos pasos, ya tendremos listo nuestro complemento de pago. Si lo deseamos, podemos verificar mediante una vista previa. Para timbrarlo, oprimiremos<strong> APLICAR PAGO.<\/strong><\/p>\n\n\n\n<p><strong>2.-Factoraje Sin Factura del pago de Comisiones, con Compensaci\u00f3n<\/strong>.<\/p>\n\n\n\n<p>En esta modalidad el factorante no emite una factura a nuestro nombre, por concepto de la comisi\u00f3n. Realizaremos los pasos 1.1 y 1.2 de la modalidad anterior.<\/p>\n\n\n\n<p>Ahora veremos que hemos vuelto a la pantalla inicial. Ya que hemos agregado todos los pagos de <strong>P\u00daBLICO EN GENERAL<\/strong> con la forma de pago <strong>TRANSFERENCIA<\/strong>, como siguiente paso debemos anexar el importe de la comisi\u00f3n de nuestra financiera. <\/p>\n\n\n\n<figure class=\"wp-block-image size-full\"><img loading=\"lazy\" width=\"999\" height=\"319\" src=\"https:\/\/cysamanuales.com\/wp-content\/uploads\/2022\/10\/image-17.png\" alt=\"\" class=\"wp-image-1741\" srcset=\"https:\/\/cysamanuales.com\/wp-content\/uploads\/2022\/10\/image-17.png 999w, https:\/\/cysamanuales.com\/wp-content\/uploads\/2022\/10\/image-17-300x96.png 300w, https:\/\/cysamanuales.com\/wp-content\/uploads\/2022\/10\/image-17-768x245.png 768w\" sizes=\"(max-width: 999px) 100vw, 999px\" \/><\/figure>\n\n\n\n<p>A continuaci\u00f3n, hacemos clic nuevamente, en agregar detalles.<\/p>\n\n\n\n<figure class=\"wp-block-image size-full\"><img loading=\"lazy\" width=\"750\" height=\"307\" src=\"https:\/\/cysamanuales.com\/wp-content\/uploads\/2022\/10\/image-18.png\" alt=\"\" class=\"wp-image-1742\" srcset=\"https:\/\/cysamanuales.com\/wp-content\/uploads\/2022\/10\/image-18.png 750w, https:\/\/cysamanuales.com\/wp-content\/uploads\/2022\/10\/image-18-300x123.png 300w\" sizes=\"(max-width: 750px) 100vw, 750px\" \/><\/figure>\n\n\n\n<p><\/p>\n\n\n\n<p>Buscaremos nuevamente las facturas a las que hemos aplicado el pago con anterioridad, las marcaremos en la celda <strong>SEL<\/strong>, y veremos que en autom\u00e1tico nos arrojar\u00e1 el monto de saldo, que debe corresponder con el importe de la comisi\u00f3n de cada factura. En forma de pago escogemos <strong>17 &#8211; Compensaci\u00f3n<\/strong>; en fecha de pago capturamos la misma fecha que la transferencia. Una vez confirmado el monto total, oprimiremos el bot\u00f3n <strong>AGREGAR<\/strong>.<\/p>\n\n\n\n<p>Volveremos a la pantalla inicial. Como \u00faltimo paso, seleccionamos la raz\u00f3n social de nuestra financiera, en el campo <strong>FACTORANTE<\/strong>.<\/p>\n\n\n\n<figure class=\"wp-block-image size-full\"><img loading=\"lazy\" width=\"683\" height=\"323\" src=\"https:\/\/cysamanuales.com\/wp-content\/uploads\/2022\/10\/image-19.png\" alt=\"\" class=\"wp-image-1743\" srcset=\"https:\/\/cysamanuales.com\/wp-content\/uploads\/2022\/10\/image-19.png 683w, https:\/\/cysamanuales.com\/wp-content\/uploads\/2022\/10\/image-19-300x142.png 300w\" sizes=\"(max-width: 683px) 100vw, 683px\" \/><\/figure>\n\n\n\n<p>Con estos pasos, ya tendremos listo nuestro complemento de pago. Si lo deseamos podemos verificar mediante una vista previa. Para timbrarlo, oprimiremos<strong> APLICAR PAGO.<\/strong><\/p>\n","protected":false},"excerpt":{"rendered":"<p>En este apartado podremos generar complementos de pago que requieran a\u00f1adir dos o m\u00e1s fechas de pago en un solo comprobante CFDI; as\u00ed mismo, es \u00fatil cuando se trata de comprobantes de pago de la modalidad de Factoraje (una financiera realiza el pago de las facturas, por lo cual, dicha [&hellip;]<\/p>\n","protected":false},"author":1,"featured_media":0,"parent":0,"menu_order":0,"comment_status":"closed","ping_status":"closed","template":"","meta":[],"_links":{"self":[{"href":"https:\/\/cysamanuales.com\/index.php\/wp-json\/wp\/v2\/pages\/1718"}],"collection":[{"href":"https:\/\/cysamanuales.com\/index.php\/wp-json\/wp\/v2\/pages"}],"about":[{"href":"https:\/\/cysamanuales.com\/index.php\/wp-json\/wp\/v2\/types\/page"}],"author":[{"embeddable":true,"href":"https:\/\/cysamanuales.com\/index.php\/wp-json\/wp\/v2\/users\/1"}],"replies":[{"embeddable":true,"href":"https:\/\/cysamanuales.com\/index.php\/wp-json\/wp\/v2\/comments?post=1718"}],"version-history":[{"count":8,"href":"https:\/\/cysamanuales.com\/index.php\/wp-json\/wp\/v2\/pages\/1718\/revisions"}],"predecessor-version":[{"id":1751,"href":"https:\/\/cysamanuales.com\/index.php\/wp-json\/wp\/v2\/pages\/1718\/revisions\/1751"}],"wp:attachment":[{"href":"https:\/\/cysamanuales.com\/index.php\/wp-json\/wp\/v2\/media?parent=1718"}],"curies":[{"name":"wp","href":"https:\/\/api.w.org\/{rel}","templated":true}]}}