{"id":304,"date":"2022-03-25T18:22:59","date_gmt":"2022-03-25T18:22:59","guid":{"rendered":"http:\/\/cysamanuales.com\/?page_id=304"},"modified":"2022-10-19T23:28:22","modified_gmt":"2022-10-19T23:28:22","slug":"configuraciones-fast-admin","status":"publish","type":"page","link":"https:\/\/cysamanuales.com\/index.php\/configuraciones-fast-admin\/","title":{"rendered":"Configuraciones"},"content":{"rendered":"\n<p class=\"has-text-color\" style=\"color:#8db73e;font-size:24px\"><strong>&#8211; FAST ADMINISTRATIVO &#8211; <strong>CONFIGURACIONES<\/strong><\/strong><\/p>\n\n\n\n<div class=\"wp-container-1 wp-block-group\"><div class=\"wp-block-group__inner-container\">\n<p>En este apartado se encuentran los links de los pasos necesarios para la configuraci\u00f3n del sistema de <strong>FAST ADMINISTRATIVO,<\/strong> es importante tener en cuenta los siguientes datos:<\/p>\n\n\n\n<ul><li> El sistema funciona con el sistema operativo windows 10. <\/li><li>Nuestro sistema es la Versi\u00f3n: 1.0.2.1&nbsp;|  238 MB.<\/li><\/ul>\n<\/div><\/div>\n\n\n\n<blockquote class=\"wp-block-quote\" style=\"font-size:22px\"><p>Los links son los siguientes: <\/p><cite><em><em>&#8211; <a href=\"https:\/\/cysamanuales.com\/index.php\/dar-de-alta-a-usuarios-y-perfiles\/\">Dar de alta a Usuarios y Perfiles<\/a><br>&#8211; <a href=\"https:\/\/cysamanuales.com\/index.php\/datos-generales-de-la-empresa\/\">Datos Generales de la Empresa<\/a><\/em><\/em><br>&#8211; <a href=\"https:\/\/cysamanuales.com\/index.php\/inventario-de-productos\/\">Alta de Productos<\/a><br>&#8211; <a href=\"https:\/\/cysamanuales.com\/index.php\/vendedores\/\" data-type=\"page\" data-id=\"1410\">Alta Vendedores<\/a><br>&#8211; <a href=\"https:\/\/cysamanuales.com\/index.php\/alta-clientes\/\" data-type=\"page\" data-id=\"1413\">Alta Cliente<\/a>                                                                                                                                         <br>&#8211; <a href=\"https:\/\/cysamanuales.com\/index.php\/instalacion-de-impresora\/\" data-type=\"page\" data-id=\"1452\">Configurar Impresora<\/a><\/cite><\/blockquote>\n\n\n\n<p>Al configurar el sistema puede contar con las siguientes gu\u00edas. De igual forma podemos tener en cuenta la toma de mejores decisiones con la ayuda de reportes din\u00e1micos en tiempo real que puedes guardar y compartir con quien sea. Mant\u00e9n la informaci\u00f3n clave al alcance de tus manos, con ajustes personalizados que solo nosotros podemos brindar.<\/p>\n","protected":false},"excerpt":{"rendered":"<p>&#8211; FAST ADMINISTRATIVO &#8211; CONFIGURACIONES En este apartado se encuentran los links de los pasos necesarios para la configuraci\u00f3n del sistema de FAST ADMINISTRATIVO, es importante tener en cuenta los siguientes datos: El sistema funciona con el sistema operativo windows 10. Nuestro sistema es la Versi\u00f3n: 1.0.2.1&nbsp;| 238 MB. Los [&hellip;]<\/p>\n","protected":false},"author":1,"featured_media":0,"parent":0,"menu_order":0,"comment_status":"closed","ping_status":"closed","template":"page-templates\/template-fullwidth.php","meta":[],"_links":{"self":[{"href":"https:\/\/cysamanuales.com\/index.php\/wp-json\/wp\/v2\/pages\/304"}],"collection":[{"href":"https:\/\/cysamanuales.com\/index.php\/wp-json\/wp\/v2\/pages"}],"about":[{"href":"https:\/\/cysamanuales.com\/index.php\/wp-json\/wp\/v2\/types\/page"}],"author":[{"embeddable":true,"href":"https:\/\/cysamanuales.com\/index.php\/wp-json\/wp\/v2\/users\/1"}],"replies":[{"embeddable":true,"href":"https:\/\/cysamanuales.com\/index.php\/wp-json\/wp\/v2\/comments?post=304"}],"version-history":[{"count":23,"href":"https:\/\/cysamanuales.com\/index.php\/wp-json\/wp\/v2\/pages\/304\/revisions"}],"predecessor-version":[{"id":1586,"href":"https:\/\/cysamanuales.com\/index.php\/wp-json\/wp\/v2\/pages\/304\/revisions\/1586"}],"wp:attachment":[{"href":"https:\/\/cysamanuales.com\/index.php\/wp-json\/wp\/v2\/media?parent=304"}],"curies":[{"name":"wp","href":"https:\/\/api.w.org\/{rel}","templated":true}]}}