{"id":318,"date":"2022-03-25T19:46:02","date_gmt":"2022-03-25T19:46:02","guid":{"rendered":"http:\/\/cysamanuales.com\/?page_id=318"},"modified":"2022-10-25T18:01:34","modified_gmt":"2022-10-25T18:01:34","slug":"configuraciones-fast-factura","status":"publish","type":"page","link":"https:\/\/cysamanuales.com\/index.php\/configuraciones-fast-factura\/","title":{"rendered":"Configuraciones"},"content":{"rendered":"\n<p class=\"has-text-color\" style=\"color:#8db73e;font-size:24px\">&#8211;<strong> FAST FACTURACI\u00d3N &#8211; <strong>CONFIGURACIONES<\/strong><\/strong><\/p>\n\n\n\n<div class=\"wp-container-1 wp-block-group\"><div class=\"wp-block-group__inner-container\">\n<p>En este apartado se encuentran los links de los pasos necesarios para la configuraci\u00f3n del sistema de  <strong>FAST FACTURACI\u00d3N.<\/strong> Debe tener en cuenta estos datos para poder seguir con las gu\u00edas del sistema:<\/p>\n\n\n\n<ul><li>Los timbres que manejamos son por paquetes y estos tienen un vencimiento anual<\/li><li>Nuestro sistema es la Versi\u00f3n: 1.0.0.5\u00a0|  172 MB.<\/li><li>El sistema funciona con cualquier sistema operativo windows. (windows 10 de preferencia). <\/li><\/ul>\n<\/div><\/div>\n\n\n\n<blockquote class=\"wp-block-quote\" style=\"font-size:22px\"><p>Los links son los siguientes: <\/p><cite><em><em>&#8211; <\/em><\/em><a href=\"https:\/\/cysamanuales.com\/index.php\/crear-nueva-empresa\/\" data-type=\"page\" data-id=\"1328\">Crear Nueva Empresa<\/a><br><em><em>&#8211; <\/em><\/em><a href=\"https:\/\/cysamanuales.com\/index.php\/alta-de-empresa\/\">Dar de alta de Empresa<\/a><br>&#8211; <a href=\"https:\/\/cysamanuales.com\/index.php\/solicitud-y-carga-de-timbres\/\" data-type=\"page\" data-id=\"369\">Solicitud y Carga de Timbres<\/a><br>&#8211; <a href=\"https:\/\/cysamanuales.com\/index.php\/remitente-de-correo\/\" data-type=\"page\" data-id=\"397\">Remitente de Correo<\/a><br>&#8211; <a href=\"https:\/\/cysamanuales.com\/index.php\/crear-serie-de-foliacion\/\" data-type=\"page\" data-id=\"466\">Crear Serie de Foliaci\u00f3n<\/a><br>&#8211; <a href=\"https:\/\/cysamanuales.com\/index.php\/dar-de-alta-conceptos\/\" data-type=\"page\" data-id=\"472\">Dar de alta Conceptos<\/a><br>&#8211; <a href=\"https:\/\/cysamanuales.com\/index.php\/dar-de-alta-a-clientes\/\" data-type=\"page\" data-id=\"1337\">Dar de alta a Clientes<\/a><br>&#8211;<a href=\"https:\/\/cysamanuales.com\/index.php\/crear-impuestos\/\" data-type=\"page\" data-id=\"1344\"> Crear Impuestos <\/a><br>&#8211;<a href=\"https:\/\/cysamanuales.com\/index.php\/regimen-simplificado\/\" data-type=\"page\" data-id=\"1352\">R\u00e9gimen Simplificado<\/a><em><br><\/em><\/cite><\/blockquote>\n\n\n\n<div class=\"wp-container-2 wp-block-group\"><div class=\"wp-block-group__inner-container\">\n<p>En casos de requerimiento de actualizaciones ya sea sobre Certificado de Sello digital o del sistema se encuentran los siguientes links y los pasos necesarios para la actualizaci\u00f3n FAST FACTURACI\u00d3N. Debe tener en cuenta estos datos:<\/p>\n\n\n\n<ul><li>Nuestro sistema es la Versi\u00f3n: 1.0.0.5\u00a0|  172 MB. <\/li><li>El sistema funciona con cualquier sistema operativo windows. (windows 10 de preferencia). <\/li><\/ul>\n<\/div><\/div>\n\n\n\n<blockquote class=\"wp-block-quote\" style=\"font-size:22px\"><p>Los links son los siguientes: <\/p><cite>&#8211; <a href=\"https:\/\/cysamanuales.com\/index.php\/actualizacion-del-sistema-para-la-cancelacion\/\">Actualizaci\u00f3n de  Sistema para las Cancelaciones<\/a><br>&#8211; <a href=\"https:\/\/cysamanuales.com\/index.php\/actualizacion-de-certificado-de-sello-digital\/\" data-type=\"page\" data-id=\"413\">Actualizaci\u00f3n de Certificado de Sello Digital<\/a><br><em><br><\/em><\/cite><\/blockquote>\n","protected":false},"excerpt":{"rendered":"<p>&#8211; FAST FACTURACI\u00d3N &#8211; CONFIGURACIONES En este apartado se encuentran los links de los pasos necesarios para la configuraci\u00f3n del sistema de FAST FACTURACI\u00d3N. Debe tener en cuenta estos datos para poder seguir con las gu\u00edas del sistema: Los timbres que manejamos son por paquetes y estos tienen un vencimiento [&hellip;]<\/p>\n","protected":false},"author":1,"featured_media":0,"parent":0,"menu_order":0,"comment_status":"closed","ping_status":"closed","template":"page-templates\/template-fullwidth.php","meta":[],"_links":{"self":[{"href":"https:\/\/cysamanuales.com\/index.php\/wp-json\/wp\/v2\/pages\/318"}],"collection":[{"href":"https:\/\/cysamanuales.com\/index.php\/wp-json\/wp\/v2\/pages"}],"about":[{"href":"https:\/\/cysamanuales.com\/index.php\/wp-json\/wp\/v2\/types\/page"}],"author":[{"embeddable":true,"href":"https:\/\/cysamanuales.com\/index.php\/wp-json\/wp\/v2\/users\/1"}],"replies":[{"embeddable":true,"href":"https:\/\/cysamanuales.com\/index.php\/wp-json\/wp\/v2\/comments?post=318"}],"version-history":[{"count":41,"href":"https:\/\/cysamanuales.com\/index.php\/wp-json\/wp\/v2\/pages\/318\/revisions"}],"predecessor-version":[{"id":1714,"href":"https:\/\/cysamanuales.com\/index.php\/wp-json\/wp\/v2\/pages\/318\/revisions\/1714"}],"wp:attachment":[{"href":"https:\/\/cysamanuales.com\/index.php\/wp-json\/wp\/v2\/media?parent=318"}],"curies":[{"name":"wp","href":"https:\/\/api.w.org\/{rel}","templated":true}]}}