{"id":360,"date":"2022-03-25T21:47:37","date_gmt":"2022-03-25T21:47:37","guid":{"rendered":"http:\/\/cysamanuales.com\/?page_id=360"},"modified":"2022-10-25T17:44:54","modified_gmt":"2022-10-25T17:44:54","slug":"fast-gastos","status":"publish","type":"page","link":"https:\/\/cysamanuales.com\/index.php\/fast-gastos\/","title":{"rendered":"Fast Gastos"},"content":{"rendered":"\n<p class=\"has-accent-color has-text-color\" style=\"font-size:24px\"><strong>\u2013 FAST GASTOS \u2013 INTRODUCCI\u00d3N<\/strong><\/p>\n\n\n\n<p><strong>FAST GASTOS<\/strong>&nbsp;es un sistema en el que puedes gestionar los gatos diarios de tus empleados en todo momento. Ya sean vi\u00e1ticos, suministros de oficina o cualquier otro concepto de gasto.<\/p>\n\n\n\n<h3 class=\"has-accent-color has-text-color\" style=\"font-size:24px\">Como objetivo<\/h3>\n\n\n\n<p>Las operaciones m\u00e1s importantes gestionadas desde nuestro sistema son:<\/p>\n\n\n\n<ul><li><strong>Control&nbsp;<\/strong>de inventarios<\/li><li><strong>Aumento&nbsp;<\/strong>de ventas m\u00f3viles<\/li><li><strong>Optimizaci\u00f3n&nbsp;<\/strong>de la liquidez<\/li><li><strong>Reducci\u00f3n&nbsp;<\/strong>de gastos contables<\/li><li><strong>Reducci\u00f3n&nbsp;<\/strong>de ventas perdidas<\/li><\/ul>\n\n\n\n<p>Nuestro sistema&nbsp;<strong>FAST GASTOS<\/strong>&nbsp;acelera el crecimiento interno y externo de las empresas con m\u00e1s de 70 empleados gracias a la unificaci\u00f3n de los procesos y datos. Adem\u00e1s, ayuda a crear nuevas oportunidades de clientes y canales.<\/p>\n","protected":false},"excerpt":{"rendered":"<p>\u2013 FAST GASTOS \u2013 INTRODUCCI\u00d3N FAST GASTOS&nbsp;es un sistema en el que puedes gestionar los gatos diarios de tus empleados en todo momento. Ya sean vi\u00e1ticos, suministros de oficina o cualquier otro concepto de gasto. Como objetivo Las operaciones m\u00e1s importantes gestionadas desde nuestro sistema son: Control&nbsp;de inventarios Aumento&nbsp;de ventas [&hellip;]<\/p>\n","protected":false},"author":1,"featured_media":0,"parent":0,"menu_order":0,"comment_status":"closed","ping_status":"closed","template":"page-templates\/template-fullwidth.php","meta":[],"_links":{"self":[{"href":"https:\/\/cysamanuales.com\/index.php\/wp-json\/wp\/v2\/pages\/360"}],"collection":[{"href":"https:\/\/cysamanuales.com\/index.php\/wp-json\/wp\/v2\/pages"}],"about":[{"href":"https:\/\/cysamanuales.com\/index.php\/wp-json\/wp\/v2\/types\/page"}],"author":[{"embeddable":true,"href":"https:\/\/cysamanuales.com\/index.php\/wp-json\/wp\/v2\/users\/1"}],"replies":[{"embeddable":true,"href":"https:\/\/cysamanuales.com\/index.php\/wp-json\/wp\/v2\/comments?post=360"}],"version-history":[{"count":5,"href":"https:\/\/cysamanuales.com\/index.php\/wp-json\/wp\/v2\/pages\/360\/revisions"}],"predecessor-version":[{"id":1710,"href":"https:\/\/cysamanuales.com\/index.php\/wp-json\/wp\/v2\/pages\/360\/revisions\/1710"}],"wp:attachment":[{"href":"https:\/\/cysamanuales.com\/index.php\/wp-json\/wp\/v2\/media?parent=360"}],"curies":[{"name":"wp","href":"https:\/\/api.w.org\/{rel}","templated":true}]}}