{"id":361,"date":"2022-03-25T21:47:37","date_gmt":"2022-03-25T21:47:37","guid":{"rendered":"http:\/\/cysamanuales.com\/?page_id=361"},"modified":"2022-10-25T17:45:19","modified_gmt":"2022-10-25T17:45:19","slug":"conta-fast","status":"publish","type":"page","link":"https:\/\/cysamanuales.com\/index.php\/conta-fast\/","title":{"rendered":"Conta Fast"},"content":{"rendered":"\n<p class=\"has-accent-color has-text-color\" style=\"font-size:24px\"><strong>\u2013 CONTA FAST \u2013 INTRODUCCI\u00d3N<\/strong><\/p>\n\n\n\n<p><strong>CONTA FAST<\/strong> es un sistema en el que ayuda a mantener las finanzas de su empresa y facilita el trabajo al automatizar el registro contable. Integra y mantiene actualizada la informaci\u00f3n contable y fiscal de tu negocio de forma segura y confiable.<\/p>\n\n\n\n<h3 class=\"has-accent-color has-text-color\" style=\"font-size:24px\">Como objetivo<\/h3>\n\n\n\n<p>Las operaciones m\u00e1s importantes gestionadas desde nuestro sistema de contabilidad son:<\/p>\n\n\n\n<ul><li><strong>Cat\u00e1logo <\/strong>de f\u00e1cil acceso<\/li><li><strong>Control <\/strong>de gastos, ingresos y presupuestos<\/li><li><strong>F\u00e1cil <\/strong>captura de datos<\/li><li><strong>Contabilidad <\/strong>al instante<\/li><li><strong>Control <\/strong>de activos<\/li><\/ul>\n\n\n\n<p>Nuestro sistema <strong>CONTA FAST<\/strong>  puede realizar el c\u00e1lculo de los pagos que se realizar\u00e1n tanto para expedir facturas electr\u00f3nicas como para realizar los recibos de n\u00f3mina.<\/p>\n","protected":false},"excerpt":{"rendered":"<p>\u2013 CONTA FAST \u2013 INTRODUCCI\u00d3N CONTA FAST es un sistema en el que ayuda a mantener las finanzas de su empresa y facilita el trabajo al automatizar el registro contable. Integra y mantiene actualizada la informaci\u00f3n contable y fiscal de tu negocio de forma segura y confiable. Como objetivo Las [&hellip;]<\/p>\n","protected":false},"author":1,"featured_media":0,"parent":0,"menu_order":0,"comment_status":"closed","ping_status":"closed","template":"page-templates\/template-fullwidth.php","meta":[],"_links":{"self":[{"href":"https:\/\/cysamanuales.com\/index.php\/wp-json\/wp\/v2\/pages\/361"}],"collection":[{"href":"https:\/\/cysamanuales.com\/index.php\/wp-json\/wp\/v2\/pages"}],"about":[{"href":"https:\/\/cysamanuales.com\/index.php\/wp-json\/wp\/v2\/types\/page"}],"author":[{"embeddable":true,"href":"https:\/\/cysamanuales.com\/index.php\/wp-json\/wp\/v2\/users\/1"}],"replies":[{"embeddable":true,"href":"https:\/\/cysamanuales.com\/index.php\/wp-json\/wp\/v2\/comments?post=361"}],"version-history":[{"count":12,"href":"https:\/\/cysamanuales.com\/index.php\/wp-json\/wp\/v2\/pages\/361\/revisions"}],"predecessor-version":[{"id":1711,"href":"https:\/\/cysamanuales.com\/index.php\/wp-json\/wp\/v2\/pages\/361\/revisions\/1711"}],"wp:attachment":[{"href":"https:\/\/cysamanuales.com\/index.php\/wp-json\/wp\/v2\/media?parent=361"}],"curies":[{"name":"wp","href":"https:\/\/api.w.org\/{rel}","templated":true}]}}