{"id":466,"date":"2022-03-28T22:42:15","date_gmt":"2022-03-28T22:42:15","guid":{"rendered":"http:\/\/cysamanuales.com\/?page_id=466"},"modified":"2022-06-15T15:00:38","modified_gmt":"2022-06-15T15:00:38","slug":"crear-serie-de-foliacion","status":"publish","type":"page","link":"https:\/\/cysamanuales.com\/index.php\/crear-serie-de-foliacion\/","title":{"rendered":"Crear Serie de Foliaci\u00f3n"},"content":{"rendered":"\n<p style=\"font-size:24px\"><strong>&#8211; FAST FACTURACI\u00d3N &#8211; CREAR SERIE DE FOLIACI\u00d3N<\/strong><\/p>\n\n\n\n<p>En esta Gu\u00eda podemos crear las <strong>series de foliaci\u00f3n<\/strong> que nos sirve para controlar los folios consecutivos de todos los documentos del sistema, tales como Ventas, Compras, Cotizaciones, Traspaso, Facturas, etc. Pero las series de foliaci\u00f3n m\u00e1s importantes son Factura, Comprobante de Pago y Nota de cr\u00e9dito.<\/p>\n\n\n\n<p>1.- Se dirige al apartado de <strong>Cat\u00e1logo<\/strong>\/<strong>Series<\/strong>, posteriormente se ingresa los datos que nos pide el sistema.<\/p>\n\n\n\n<figure class=\"wp-block-image size-full is-resized\"><img loading=\"lazy\" src=\"https:\/\/cysamanuales.com\/wp-content\/uploads\/2022\/03\/Captura-de-pantalla-62.png\" alt=\"\" class=\"wp-image-467\" width=\"604\" height=\"261\" srcset=\"https:\/\/cysamanuales.com\/wp-content\/uploads\/2022\/03\/Captura-de-pantalla-62.png 523w, https:\/\/cysamanuales.com\/wp-content\/uploads\/2022\/03\/Captura-de-pantalla-62-300x130.png 300w\" sizes=\"(max-width: 604px) 100vw, 604px\" \/><\/figure>\n\n\n\n<p>2.- Damos click al icono de Nuevo, en el apartado de <strong>Tipo<\/strong> selecciona una de las opciones, al igual que en el apartado <strong>Sucursal<\/strong> se mantiene la opci\u00f3n de <strong>matriz<\/strong>, en la <strong>Serie<\/strong> se escribe una letra en may\u00fascula para identificarlo, en <strong>Folio<\/strong> casi siempre ser\u00e1 el numero 0, y en el apartado de <strong>Comentarios<\/strong> es opcional.<\/p>\n\n\n\n<figure class=\"wp-block-image size-large is-resized\"><img loading=\"lazy\" src=\"https:\/\/cysamanuales.com\/wp-content\/uploads\/2022\/03\/Captura-de-pantalla-68-1024x486.png\" alt=\"\" class=\"wp-image-468\" width=\"768\" height=\"365\" srcset=\"https:\/\/cysamanuales.com\/wp-content\/uploads\/2022\/03\/Captura-de-pantalla-68-1024x486.png 1024w, https:\/\/cysamanuales.com\/wp-content\/uploads\/2022\/03\/Captura-de-pantalla-68-300x142.png 300w, https:\/\/cysamanuales.com\/wp-content\/uploads\/2022\/03\/Captura-de-pantalla-68-768x364.png 768w, https:\/\/cysamanuales.com\/wp-content\/uploads\/2022\/03\/Captura-de-pantalla-68.png 1345w\" sizes=\"(max-width: 768px) 100vw, 768px\" \/><\/figure>\n\n\n\n<p>3.- Se debe dar click al icono de <strong>Guardar<\/strong> y aparecer\u00e1 una <strong>notificaci\u00f3n<\/strong> de que la serie se guardo con \u00e9xito. Finalizamos con esta gu\u00eda y podemos dar inicio a la siguiente.<\/p>\n\n\n\n<figure class=\"wp-block-image size-large is-resized\"><img loading=\"lazy\" src=\"https:\/\/cysamanuales.com\/wp-content\/uploads\/2022\/03\/Captura-de-pantalla-67-1024x609.png\" alt=\"\" class=\"wp-image-469\" width=\"768\" height=\"457\" srcset=\"https:\/\/cysamanuales.com\/wp-content\/uploads\/2022\/03\/Captura-de-pantalla-67-1024x609.png 1024w, https:\/\/cysamanuales.com\/wp-content\/uploads\/2022\/03\/Captura-de-pantalla-67-300x178.png 300w, https:\/\/cysamanuales.com\/wp-content\/uploads\/2022\/03\/Captura-de-pantalla-67-768x457.png 768w, https:\/\/cysamanuales.com\/wp-content\/uploads\/2022\/03\/Captura-de-pantalla-67.png 1031w\" sizes=\"(max-width: 768px) 100vw, 768px\" \/><\/figure>\n","protected":false},"excerpt":{"rendered":"<p>&#8211; FAST FACTURACI\u00d3N &#8211; CREAR SERIE DE FOLIACI\u00d3N En esta Gu\u00eda podemos crear las series de foliaci\u00f3n que nos sirve para controlar los folios consecutivos de todos los documentos del sistema, tales como Ventas, Compras, Cotizaciones, Traspaso, Facturas, etc. Pero las series de foliaci\u00f3n m\u00e1s importantes son Factura, Comprobante de [&hellip;]<\/p>\n","protected":false},"author":1,"featured_media":0,"parent":0,"menu_order":0,"comment_status":"closed","ping_status":"closed","template":"","meta":[],"_links":{"self":[{"href":"https:\/\/cysamanuales.com\/index.php\/wp-json\/wp\/v2\/pages\/466"}],"collection":[{"href":"https:\/\/cysamanuales.com\/index.php\/wp-json\/wp\/v2\/pages"}],"about":[{"href":"https:\/\/cysamanuales.com\/index.php\/wp-json\/wp\/v2\/types\/page"}],"author":[{"embeddable":true,"href":"https:\/\/cysamanuales.com\/index.php\/wp-json\/wp\/v2\/users\/1"}],"replies":[{"embeddable":true,"href":"https:\/\/cysamanuales.com\/index.php\/wp-json\/wp\/v2\/comments?post=466"}],"version-history":[{"count":3,"href":"https:\/\/cysamanuales.com\/index.php\/wp-json\/wp\/v2\/pages\/466\/revisions"}],"predecessor-version":[{"id":1047,"href":"https:\/\/cysamanuales.com\/index.php\/wp-json\/wp\/v2\/pages\/466\/revisions\/1047"}],"wp:attachment":[{"href":"https:\/\/cysamanuales.com\/index.php\/wp-json\/wp\/v2\/media?parent=466"}],"curies":[{"name":"wp","href":"https:\/\/api.w.org\/{rel}","templated":true}]}}