{"id":506,"date":"2022-06-03T18:24:03","date_gmt":"2022-06-03T18:24:03","guid":{"rendered":"http:\/\/cysamanuales.com\/?page_id=506"},"modified":"2022-06-22T18:33:00","modified_gmt":"2022-06-22T18:33:00","slug":"actualizacion-del-sistema-para-la-cancelacion","status":"publish","type":"page","link":"https:\/\/cysamanuales.com\/index.php\/actualizacion-del-sistema-para-la-cancelacion\/","title":{"rendered":"Actualizaci\u00f3n del Sistema para la Cancelaci\u00f3n"},"content":{"rendered":"\n<p style=\"font-size:24px\">&#8211;<strong> FAST FACTURACI\u00d3N &#8211; ACTUALIZACI\u00d3N DEL SISTEMA<\/strong><\/p>\n\n\n\n<p id=\"block-282905ba-3cbe-46fb-b328-82fad524095d\">En este apartado se encuentran los siguientes pasos para la actualizaci\u00f3n del sistema para el cancelando facturas en&nbsp;<strong>2022<\/strong>&nbsp;es necesario la versi\u00f3n del programa FAST. :<\/p>\n\n\n\n<ul id=\"block-8cf53d27-42cd-4b8e-99d7-14ae559ced26\"><li>Hay que tener en cuenta que el sistema operativo debe de ser windows 10.<\/li><li>Nuestro sistema es la Versi\u00f3n: 1.0.0.5\u00a0| 172 MB.<\/li><li><strong>El sistema<\/strong> debe estar <strong>cerrado<\/strong>, si tiene abierto el sistema, la actualizaci\u00f3n nos mostrara un <strong>error<\/strong>.<\/li><\/ul>\n\n\n\n<p>1.- Se dirige a la carpeta donde esta el archivo descargado (<strong>Descargas Actualizador_ENERO_2022<\/strong>).<\/p>\n\n\n\n<figure class=\"wp-block-image size-full is-resized\"><img loading=\"lazy\" src=\"https:\/\/cysamanuales.com\/wp-content\/uploads\/2022\/06\/01.png\" alt=\"\" class=\"wp-image-510\" width=\"763\" height=\"458\" srcset=\"https:\/\/cysamanuales.com\/wp-content\/uploads\/2022\/06\/01.png 896w, https:\/\/cysamanuales.com\/wp-content\/uploads\/2022\/06\/01-300x180.png 300w, https:\/\/cysamanuales.com\/wp-content\/uploads\/2022\/06\/01-768x460.png 768w\" sizes=\"(max-width: 763px) 100vw, 763px\" \/><\/figure>\n\n\n\n<p>2.- Se descomprime <strong>el archivo<\/strong> con la extensi\u00f3n <strong>.rar<\/strong> y procede al siguiente paso.<\/p>\n\n\n\n<figure class=\"wp-block-image size-large is-resized\"><img loading=\"lazy\" src=\"https:\/\/cysamanuales.com\/wp-content\/uploads\/2022\/06\/Captura-de-pantalla-112-1024x568.png\" alt=\"\" class=\"wp-image-511\" width=\"778\" height=\"432\" srcset=\"https:\/\/cysamanuales.com\/wp-content\/uploads\/2022\/06\/Captura-de-pantalla-112-1024x568.png 1024w, https:\/\/cysamanuales.com\/wp-content\/uploads\/2022\/06\/Captura-de-pantalla-112-300x166.png 300w, https:\/\/cysamanuales.com\/wp-content\/uploads\/2022\/06\/Captura-de-pantalla-112-768x426.png 768w, https:\/\/cysamanuales.com\/wp-content\/uploads\/2022\/06\/Captura-de-pantalla-112.png 1089w\" sizes=\"(max-width: 778px) 100vw, 778px\" \/><\/figure>\n\n\n\n<p>3.- <strong>Ejecute<\/strong> el archivo<strong> como administrador<\/strong> para actualizar el sistema.<\/p>\n\n\n\n<figure class=\"wp-block-image size-large is-resized\"><img loading=\"lazy\" src=\"https:\/\/cysamanuales.com\/wp-content\/uploads\/2022\/06\/Captura-de-pantalla-116-1024x541.png\" alt=\"\" class=\"wp-image-512\" width=\"793\" height=\"419\" srcset=\"https:\/\/cysamanuales.com\/wp-content\/uploads\/2022\/06\/Captura-de-pantalla-116-1024x541.png 1024w, https:\/\/cysamanuales.com\/wp-content\/uploads\/2022\/06\/Captura-de-pantalla-116-300x159.png 300w, https:\/\/cysamanuales.com\/wp-content\/uploads\/2022\/06\/Captura-de-pantalla-116-768x406.png 768w, https:\/\/cysamanuales.com\/wp-content\/uploads\/2022\/06\/Captura-de-pantalla-116.png 1075w\" sizes=\"(max-width: 793px) 100vw, 793px\" \/><\/figure>\n\n\n\n<p>4.- Espere a que se actualice el sistema.<\/p>\n\n\n\n<figure class=\"wp-block-image size-large is-resized\"><img loading=\"lazy\" src=\"https:\/\/cysamanuales.com\/wp-content\/uploads\/2022\/06\/Captura-de-pantalla-114-1024x538.png\" alt=\"\" class=\"wp-image-513\" width=\"797\" height=\"419\" srcset=\"https:\/\/cysamanuales.com\/wp-content\/uploads\/2022\/06\/Captura-de-pantalla-114-1024x538.png 1024w, https:\/\/cysamanuales.com\/wp-content\/uploads\/2022\/06\/Captura-de-pantalla-114-300x158.png 300w, https:\/\/cysamanuales.com\/wp-content\/uploads\/2022\/06\/Captura-de-pantalla-114-768x403.png 768w, https:\/\/cysamanuales.com\/wp-content\/uploads\/2022\/06\/Captura-de-pantalla-114.png 1247w\" sizes=\"(max-width: 797px) 100vw, 797px\" \/><\/figure>\n\n\n\n<p>4.1.- <strong>Mostrara<\/strong> un mensaje de <strong>\u00e9xito<\/strong>, sino lo aparece, <strong>revise<\/strong> su <strong>barra de tareas<\/strong> de su computadora<\/p>\n\n\n\n<figure class=\"wp-block-image size-large is-resized\"><img loading=\"lazy\" src=\"https:\/\/cysamanuales.com\/wp-content\/uploads\/2022\/06\/Captura-de-pantalla-115-1024x614.png\" alt=\"\" class=\"wp-image-514\" width=\"812\" height=\"487\" srcset=\"https:\/\/cysamanuales.com\/wp-content\/uploads\/2022\/06\/Captura-de-pantalla-115-1024x614.png 1024w, https:\/\/cysamanuales.com\/wp-content\/uploads\/2022\/06\/Captura-de-pantalla-115-300x180.png 300w, https:\/\/cysamanuales.com\/wp-content\/uploads\/2022\/06\/Captura-de-pantalla-115-768x460.png 768w, https:\/\/cysamanuales.com\/wp-content\/uploads\/2022\/06\/Captura-de-pantalla-115.png 1417w\" sizes=\"(max-width: 812px) 100vw, 812px\" \/><\/figure>\n\n\n\n<p>5.- Posteriormente tiene que <strong>abrir el sistema<\/strong>, debe dar en <strong>actualizar<\/strong> y esperar, para que los cambios sean visibles.<\/p>\n\n\n\n<figure class=\"wp-block-image size-full is-resized\"><img loading=\"lazy\" src=\"https:\/\/cysamanuales.com\/wp-content\/uploads\/2022\/06\/Captura-de-pantalla-119.png\" alt=\"\" class=\"wp-image-515\" width=\"815\" height=\"433\" srcset=\"https:\/\/cysamanuales.com\/wp-content\/uploads\/2022\/06\/Captura-de-pantalla-119.png 993w, https:\/\/cysamanuales.com\/wp-content\/uploads\/2022\/06\/Captura-de-pantalla-119-300x160.png 300w, https:\/\/cysamanuales.com\/wp-content\/uploads\/2022\/06\/Captura-de-pantalla-119-768x408.png 768w\" sizes=\"(max-width: 815px) 100vw, 815px\" \/><\/figure>\n\n\n\n<p>6.- Con estos pasos puede concluir con la <strong>Actualizaci\u00f3n del sistema<\/strong> y puede seguir <strong>facturando<\/strong>.<\/p>\n","protected":false},"excerpt":{"rendered":"<p>&#8211; FAST FACTURACI\u00d3N &#8211; ACTUALIZACI\u00d3N DEL SISTEMA En este apartado se encuentran los siguientes pasos para la actualizaci\u00f3n del sistema para el cancelando facturas en&nbsp;2022&nbsp;es necesario la versi\u00f3n del programa FAST. : Hay que tener en cuenta que el sistema operativo debe de ser windows 10. Nuestro sistema es la [&hellip;]<\/p>\n","protected":false},"author":1,"featured_media":0,"parent":0,"menu_order":0,"comment_status":"closed","ping_status":"closed","template":"","meta":[],"_links":{"self":[{"href":"https:\/\/cysamanuales.com\/index.php\/wp-json\/wp\/v2\/pages\/506"}],"collection":[{"href":"https:\/\/cysamanuales.com\/index.php\/wp-json\/wp\/v2\/pages"}],"about":[{"href":"https:\/\/cysamanuales.com\/index.php\/wp-json\/wp\/v2\/types\/page"}],"author":[{"embeddable":true,"href":"https:\/\/cysamanuales.com\/index.php\/wp-json\/wp\/v2\/users\/1"}],"replies":[{"embeddable":true,"href":"https:\/\/cysamanuales.com\/index.php\/wp-json\/wp\/v2\/comments?post=506"}],"version-history":[{"count":4,"href":"https:\/\/cysamanuales.com\/index.php\/wp-json\/wp\/v2\/pages\/506\/revisions"}],"predecessor-version":[{"id":1323,"href":"https:\/\/cysamanuales.com\/index.php\/wp-json\/wp\/v2\/pages\/506\/revisions\/1323"}],"wp:attachment":[{"href":"https:\/\/cysamanuales.com\/index.php\/wp-json\/wp\/v2\/media?parent=506"}],"curies":[{"name":"wp","href":"https:\/\/api.w.org\/{rel}","templated":true}]}}