{"id":517,"date":"2022-06-03T22:54:55","date_gmt":"2022-06-03T22:54:55","guid":{"rendered":"http:\/\/cysamanuales.com\/?page_id=517"},"modified":"2022-10-28T21:14:41","modified_gmt":"2022-10-28T21:14:41","slug":"version-4-0","status":"publish","type":"page","link":"https:\/\/cysamanuales.com\/index.php\/version-4-0\/","title":{"rendered":"Versi\u00f3n 4.0"},"content":{"rendered":"\n<div class=\"wp-container-11 wp-block-group\"><div class=\"wp-block-group__inner-container\">\n<p class=\"has-text-color\" style=\"color:#8db73e;font-size:24px\"><strong>&#8211; FAST FACTURACI\u00d3N VERSI\u00d3N 4.0<\/strong><\/p>\n\n\n\n<div class=\"wp-container-10 wp-block-group\"><div class=\"wp-block-group__inner-container\">\n<div class=\"wp-container-9 wp-block-group\"><div class=\"wp-block-group__inner-container\">\n<div class=\"wp-container-8 wp-block-group\"><div class=\"wp-block-group__inner-container\">\n<div class=\"wp-container-6 wp-block-group\"><div class=\"wp-block-group__inner-container\">\n<div class=\"wp-container-5 wp-block-columns\">\n<div class=\"wp-container-4 wp-block-column is-vertically-aligned-center\" style=\"flex-basis:100%\">\n<div class=\"wp-container-3 wp-block-columns\">\n<div class=\"wp-container-1 wp-block-column\" style=\"flex-basis:66.66%\">\n<p><strong>FAST FACTURACI\u00d3N Versi\u00f3n 4.0<\/strong>.  Ya disponible, En este apartado presentamos los cambios que tienen en el sistema de Fast Facturaci\u00f3n 4.0, en esta actualizaci\u00f3n requiere de algunos datos que a continuaci\u00f3n podr\u00e1 observar. <\/p>\n\n\n\n<h3 class=\"has-text-color\" style=\"color:#8db73e;font-size:25px\">Consideraciones <\/h3>\n\n\n\n<p>Es importante tener en cuenta los siguientes puntos para el funcionamiento del sistema, ya que hay varias modificaciones que son necesarias para que est\u00e1 se valide en el <strong>SAT<\/strong>.<\/p>\n\n\n\n<ul><li>La <strong>Versi\u00f3n 4.0<\/strong> sera <strong>obligatoria <\/strong>a partir del <strong>1 de Enero de 2023<\/strong>.<\/li><li>Contar con la <strong>Constancia de Situaci\u00f3n Fiscal<\/strong>, es importante contar con las constancias tanto de empleados como de sus clientes. Puede saber y descargar su constancia de situaci\u00f3n fiscal en el siguiente link: <a href=\"https:\/\/satid.sat.gob.mx\/\">https:\/\/satid.sat.gob.mx\/<\/a><\/li><li>El sistema funciona con el sistema operativo windows 10.<\/li><\/ul>\n<\/div>\n\n\n\n<div class=\"wp-container-2 wp-block-column is-vertically-aligned-top\" style=\"flex-basis:33.33%\"><div class=\"wp-block-image\">\n<figure class=\"aligncenter size-full is-resized\"><img loading=\"lazy\" src=\"https:\/\/cysamanuales.com\/wp-content\/uploads\/2022\/06\/fast-factura-4-2-1-1.ico\" alt=\"\" class=\"wp-image-692\" width=\"166\" height=\"166\"\/><\/figure><\/div><\/div>\n<\/div>\n<\/div>\n<\/div>\n<\/div><\/div>\n\n\n\n<div class=\"wp-container-7 wp-block-group\"><div class=\"wp-block-group__inner-container\">\n<blockquote class=\"wp-block-quote\" style=\"font-size:22px\"><p>Los links son los siguientes: <\/p><cite><em><em>&#8211; <\/em><\/em><a href=\"https:\/\/cysamanuales.com\/index.php\/catalogo-clientes\/\" data-type=\"URL\" data-id=\"https:\/\/cysamanuales.com\/index.php\/catalogo-clientes\/\">Cat\u00e1logo de Cliente<\/a><br>&#8211; <a href=\"https:\/\/cysamanuales.com\/index.php\/catalogo-de-empleados\/\" data-type=\"page\" data-id=\"550\">Cat\u00e1logo de Empleados<\/a><br>&#8211;<a href=\"https:\/\/cysamanuales.com\/index.php\/conceptos\/\"> Cat\u00e1logo de Conceptos<\/a><br>&#8211; <a href=\"https:\/\/cysamanuales.com\/index.php\/detalles-del-iva-en-la-factura\/\" data-type=\"URL\" data-id=\"https:\/\/cysamanuales.com\/index.php\/detalles-del-iva-en-la-factura\/\">Habilita los detalles de IVA<\/a><br>&#8211; <a href=\"https:\/\/cysamanuales.com\/index.php\/cambios-en-la-factura\/\" data-type=\"page\" data-id=\"615\">Facturaci\u00f3n<\/a><br>&#8211; <a href=\"https:\/\/cysamanuales.com\/index.php\/complemento-de-pago\/\" data-type=\"page\" data-id=\"593\">Complemento de Pago<\/a><br>&#8211; <a href=\"https:\/\/cysamanuales.com\/index.php\/consulta-de-comprobantes\/\" data-type=\"page\" data-id=\"565\">Consulta de Comp<em>robante de Pago<\/em>s<\/a><br>&#8211; <a href=\"https:\/\/cysamanuales.com\/index.php\/actualizacion-en-correo-de-gmail\/\" data-type=\"page\" data-id=\"724\">Nueva Configuraci\u00f3n para el Correo (Gmail)<\/a><br>&#8211; <a href=\"https:\/\/cysamanuales.com\/index.php\/regimen-simplificado-2\/\" data-type=\"page\" data-id=\"1364\">R\u00e9gimen simplificado (Versi\u00f3n 4.0)<\/a><br>&#8211; <a href=\"https:\/\/cysamanuales.com\/index.php\/complemento-de-pago-multiple\/\" data-type=\"URL\" data-id=\"https:\/\/cysamanuales.com\/index.php\/complemento-de-pago-multiple\/\">Complemento de Pago M\u00faltiple Factoraje<\/a><br><em><br><\/em><\/cite><\/blockquote>\n<\/div><\/div>\n<\/div><\/div>\n<\/div><\/div>\n<\/div><\/div>\n\n\n\n<h3 class=\"has-text-color\" style=\"color:#8db73e;font-size:25px\">\u00bfCuales son Beneficios que Brinda la Actualizaci\u00f3n?<\/h3>\n\n\n\n<p>El uso de factura electr\u00f3nica <strong>versi\u00f3n 4.0<\/strong>, pone a tu disposici\u00f3n los siguientes beneficios.<\/p>\n\n\n\n<ul><li>Reportar informaci\u00f3n m\u00e1s completa y correcta al <strong>SAT<\/strong> contenida en las facturas electr\u00f3nicas, tambi\u00e9n conocidas como <strong>CFDI<\/strong> que expidan, a efecto a recibir mejores servicios.<\/li><li>Facilitar la presentaci\u00f3n de declaraciones con informaci\u00f3n prellenada derivado de la informaci\u00f3n contenida en las facturas electr\u00f3nicas.<\/li><\/ul>\n\n\n<div class=\"wp-block-image\">\n<figure class=\"aligncenter size-full\"><img loading=\"lazy\" width=\"1982\" height=\"1040\" src=\"https:\/\/cysamanuales.com\/wp-content\/uploads\/2022\/06\/banner_-AVISO.jpg\" alt=\"\" class=\"wp-image-761\" srcset=\"https:\/\/cysamanuales.com\/wp-content\/uploads\/2022\/06\/banner_-AVISO.jpg 1982w, https:\/\/cysamanuales.com\/wp-content\/uploads\/2022\/06\/banner_-AVISO-300x157.jpg 300w, https:\/\/cysamanuales.com\/wp-content\/uploads\/2022\/06\/banner_-AVISO-1024x537.jpg 1024w, https:\/\/cysamanuales.com\/wp-content\/uploads\/2022\/06\/banner_-AVISO-768x403.jpg 768w, https:\/\/cysamanuales.com\/wp-content\/uploads\/2022\/06\/banner_-AVISO-1536x806.jpg 1536w\" sizes=\"(max-width: 1982px) 100vw, 1982px\" \/><\/figure><\/div><\/div><\/div>\n","protected":false},"excerpt":{"rendered":"<p>&#8211; FAST FACTURACI\u00d3N VERSI\u00d3N 4.0 FAST FACTURACI\u00d3N Versi\u00f3n 4.0. Ya disponible, En este apartado presentamos los cambios que tienen en el sistema de Fast Facturaci\u00f3n 4.0, en esta actualizaci\u00f3n requiere de algunos datos que a continuaci\u00f3n podr\u00e1 observar. Consideraciones Es importante tener en cuenta los siguientes puntos para el funcionamiento [&hellip;]<\/p>\n","protected":false},"author":1,"featured_media":0,"parent":0,"menu_order":0,"comment_status":"closed","ping_status":"closed","template":"page-templates\/template-fullwidth.php","meta":[],"_links":{"self":[{"href":"https:\/\/cysamanuales.com\/index.php\/wp-json\/wp\/v2\/pages\/517"}],"collection":[{"href":"https:\/\/cysamanuales.com\/index.php\/wp-json\/wp\/v2\/pages"}],"about":[{"href":"https:\/\/cysamanuales.com\/index.php\/wp-json\/wp\/v2\/types\/page"}],"author":[{"embeddable":true,"href":"https:\/\/cysamanuales.com\/index.php\/wp-json\/wp\/v2\/users\/1"}],"replies":[{"embeddable":true,"href":"https:\/\/cysamanuales.com\/index.php\/wp-json\/wp\/v2\/comments?post=517"}],"version-history":[{"count":84,"href":"https:\/\/cysamanuales.com\/index.php\/wp-json\/wp\/v2\/pages\/517\/revisions"}],"predecessor-version":[{"id":1749,"href":"https:\/\/cysamanuales.com\/index.php\/wp-json\/wp\/v2\/pages\/517\/revisions\/1749"}],"wp:attachment":[{"href":"https:\/\/cysamanuales.com\/index.php\/wp-json\/wp\/v2\/media?parent=517"}],"curies":[{"name":"wp","href":"https:\/\/api.w.org\/{rel}","templated":true}]}}