{"id":525,"date":"2022-06-03T23:27:05","date_gmt":"2022-06-03T23:27:05","guid":{"rendered":"http:\/\/cysamanuales.com\/?page_id=525"},"modified":"2022-06-15T23:04:56","modified_gmt":"2022-06-15T23:04:56","slug":"conceptos","status":"publish","type":"page","link":"https:\/\/cysamanuales.com\/index.php\/conceptos\/","title":{"rendered":"Cat\u00e1logo de Conceptos de Facturaci\u00f3n"},"content":{"rendered":"\n<p style=\"font-size:24px\">&#8211;<strong><strong> FAST-FACTURACI\u00d3N VERSI\u00d3N 4.0<\/strong> &#8211;<\/strong> <strong>Conceptos de Facturaci\u00f3n<\/strong> <\/p>\n\n\n\n<div class=\"wp-container-1 wp-block-group\"><div class=\"wp-block-group__inner-container\">\n<p>En esta gu\u00eda se podr\u00e1 ver los cambios del cat\u00e1logo Conceptos de Facturaci\u00f3n. Es importante tener los siguientes puntos antes de poder hacer los siguientes pasos.<\/p>\n\n\n\n<ul><li>Contar con la<strong> versi\u00f3n 4.0 <\/strong>de nuestro sistema <strong>Fast Facturaci\u00f3n<\/strong>.<\/li><\/ul>\n<\/div><\/div>\n\n\n\n<p>1.- En el apartado de <strong>Cat\u00e1logo\/cat\u00e1logo de conceptos de facturaci\u00f3n<\/strong>,  Creamos un <strong>nuevo<\/strong> concepto o <strong>editamos<\/strong> uno existente (<strong>Puede dar doble click al nombre<\/strong>). <\/p>\n\n\n\n<figure class=\"wp-block-image size-full is-resized\"><img loading=\"lazy\" src=\"https:\/\/cysamanuales.com\/wp-content\/uploads\/2022\/06\/Captura-de-pantalla-150.png\" alt=\"\" class=\"wp-image-588\" width=\"634\" height=\"452\" srcset=\"https:\/\/cysamanuales.com\/wp-content\/uploads\/2022\/06\/Captura-de-pantalla-150.png 483w, https:\/\/cysamanuales.com\/wp-content\/uploads\/2022\/06\/Captura-de-pantalla-150-300x214.png 300w\" sizes=\"(max-width: 634px) 100vw, 634px\" \/><\/figure>\n\n\n\n<p>2.- Visualizaremos un nuevo campo llamado <strong>objeto de impuesto<\/strong> debajo de la <strong>descripci\u00f3n<\/strong>. Por defecto tiene el valor <strong>Si Objeto de Impuestos<\/strong>, para aquellas empresas comerciales que desglosen <strong>IVA<\/strong> o <strong>ISR<\/strong>, como la gran mayor\u00eda de usuarios de nuestros sistemas. El valor <strong>Si Objeto de Impuestos<\/strong> ya estar\u00e1 <strong>seleccionado<\/strong> para cada uno de los <strong>conceptos existentes <\/strong>en el <strong>cat\u00e1logo,<\/strong> y tambi\u00e9n podr\u00e1 ser visible en el <strong>PDF<\/strong> de la factura.<\/p>\n\n\n\n<figure class=\"wp-block-image size-large\"><img loading=\"lazy\" width=\"1024\" height=\"483\" src=\"https:\/\/cysamanuales.com\/wp-content\/uploads\/2022\/06\/Captura-de-pantalla-210-1024x483.png\" alt=\"\" class=\"wp-image-1162\" srcset=\"https:\/\/cysamanuales.com\/wp-content\/uploads\/2022\/06\/Captura-de-pantalla-210-1024x483.png 1024w, https:\/\/cysamanuales.com\/wp-content\/uploads\/2022\/06\/Captura-de-pantalla-210-300x141.png 300w, https:\/\/cysamanuales.com\/wp-content\/uploads\/2022\/06\/Captura-de-pantalla-210-768x362.png 768w, https:\/\/cysamanuales.com\/wp-content\/uploads\/2022\/06\/Captura-de-pantalla-210-1536x724.png 1536w, https:\/\/cysamanuales.com\/wp-content\/uploads\/2022\/06\/Captura-de-pantalla-210.png 1623w\" sizes=\"(max-width: 1024px) 100vw, 1024px\" \/><\/figure>\n\n\n\n<p>3.- Al crear uno<strong> nuevo<\/strong> o <strong>actualizar<\/strong> con las nuevas caracter\u00edsticas, se debe dar click en <strong>guardar<\/strong>, el procedimiento para crear conceptos es el mismo, solo estas son los nuevos cambios, ahora puede pasar a la siguiente gu\u00eda y seguir facturando.<\/p>\n","protected":false},"excerpt":{"rendered":"<p>&#8211; FAST-FACTURACI\u00d3N VERSI\u00d3N 4.0 &#8211; Conceptos de Facturaci\u00f3n En esta gu\u00eda se podr\u00e1 ver los cambios del cat\u00e1logo Conceptos de Facturaci\u00f3n. Es importante tener los siguientes puntos antes de poder hacer los siguientes pasos. Contar con la versi\u00f3n 4.0 de nuestro sistema Fast Facturaci\u00f3n. 1.- En el apartado de Cat\u00e1logo\/cat\u00e1logo [&hellip;]<\/p>\n","protected":false},"author":1,"featured_media":0,"parent":0,"menu_order":0,"comment_status":"closed","ping_status":"closed","template":"","meta":[],"_links":{"self":[{"href":"https:\/\/cysamanuales.com\/index.php\/wp-json\/wp\/v2\/pages\/525"}],"collection":[{"href":"https:\/\/cysamanuales.com\/index.php\/wp-json\/wp\/v2\/pages"}],"about":[{"href":"https:\/\/cysamanuales.com\/index.php\/wp-json\/wp\/v2\/types\/page"}],"author":[{"embeddable":true,"href":"https:\/\/cysamanuales.com\/index.php\/wp-json\/wp\/v2\/users\/1"}],"replies":[{"embeddable":true,"href":"https:\/\/cysamanuales.com\/index.php\/wp-json\/wp\/v2\/comments?post=525"}],"version-history":[{"count":12,"href":"https:\/\/cysamanuales.com\/index.php\/wp-json\/wp\/v2\/pages\/525\/revisions"}],"predecessor-version":[{"id":1164,"href":"https:\/\/cysamanuales.com\/index.php\/wp-json\/wp\/v2\/pages\/525\/revisions\/1164"}],"wp:attachment":[{"href":"https:\/\/cysamanuales.com\/index.php\/wp-json\/wp\/v2\/media?parent=525"}],"curies":[{"name":"wp","href":"https:\/\/api.w.org\/{rel}","templated":true}]}}