{"id":579,"date":"2022-06-06T23:14:10","date_gmt":"2022-06-06T23:14:10","guid":{"rendered":"http:\/\/cysamanuales.com\/?page_id=579"},"modified":"2022-06-15T23:23:55","modified_gmt":"2022-06-15T23:23:55","slug":"detalles-del-iva-en-la-factura","status":"publish","type":"page","link":"https:\/\/cysamanuales.com\/index.php\/detalles-del-iva-en-la-factura\/","title":{"rendered":"Detalles del IVA en la Factura"},"content":{"rendered":"\n<p style=\"font-size:24px\">&#8211;<strong> FAST-FACTURACI\u00d3N VERSI\u00d3N 4.0<\/strong> &#8211;<strong> IVA Incluido<\/strong><\/p>\n\n\n\n<div class=\"wp-container-1 wp-block-group\"><div class=\"wp-block-group__inner-container\">\n<p>Con el objetivo de seguir cumpliendo con los reglamentos t\u00e9cnicos del <strong>SAT,<\/strong> sugerimos la activaci\u00f3n del par\u00e1metro<strong> IMPRIMIR DETALLE DE IVA EN COMPROBANTES<\/strong>, el cual se maneja como opcional en FAST y permite mostrar en el<strong> PDF<\/strong> el desglose de <strong>IVA<\/strong> e<strong> ISR<\/strong> por cada concepto de la factura, adem\u00e1s de los totales del pie de p\u00e1gina. <\/p>\n<\/div><\/div>\n\n\n\n<p>1.- Este punto es importante, se dirige al apartado de <strong>Empresa\/datos fiscales<\/strong>, y visualiza la siguiente.<\/p>\n\n\n\n<figure class=\"wp-block-image size-full\"><img loading=\"lazy\" width=\"367\" height=\"237\" src=\"https:\/\/cysamanuales.com\/wp-content\/uploads\/2022\/06\/Captura-de-pantalla-146.png\" alt=\"\" class=\"wp-image-596\" srcset=\"https:\/\/cysamanuales.com\/wp-content\/uploads\/2022\/06\/Captura-de-pantalla-146.png 367w, https:\/\/cysamanuales.com\/wp-content\/uploads\/2022\/06\/Captura-de-pantalla-146-300x194.png 300w\" sizes=\"(max-width: 367px) 100vw, 367px\" \/><\/figure>\n\n\n\n<p>2.- En el apartado de <strong>Otros datos<\/strong>, Verifique la casilla de<strong> IMPRIMIR DETALLE DE IVA EN COMPROBANTES<\/strong> este marcada.<\/p>\n\n\n\n<figure class=\"wp-block-image size-large\"><img loading=\"lazy\" width=\"1024\" height=\"579\" src=\"https:\/\/cysamanuales.com\/wp-content\/uploads\/2022\/06\/Captura-de-pantalla-154-1024x579.png\" alt=\"\" class=\"wp-image-597\" srcset=\"https:\/\/cysamanuales.com\/wp-content\/uploads\/2022\/06\/Captura-de-pantalla-154-1024x579.png 1024w, https:\/\/cysamanuales.com\/wp-content\/uploads\/2022\/06\/Captura-de-pantalla-154-300x170.png 300w, https:\/\/cysamanuales.com\/wp-content\/uploads\/2022\/06\/Captura-de-pantalla-154-768x435.png 768w, https:\/\/cysamanuales.com\/wp-content\/uploads\/2022\/06\/Captura-de-pantalla-154.png 1209w\" sizes=\"(max-width: 1024px) 100vw, 1024px\" \/><\/figure>\n\n\n\n<p>3.- Se debe dar click al bot\u00f3n de <strong>guardar<\/strong> para finalizar con este proceso y continuar con la siguiente gu\u00eda y seguir<strong> facturando.<\/strong><\/p>\n","protected":false},"excerpt":{"rendered":"<p>&#8211; FAST-FACTURACI\u00d3N VERSI\u00d3N 4.0 &#8211; IVA Incluido Con el objetivo de seguir cumpliendo con los reglamentos t\u00e9cnicos del SAT, sugerimos la activaci\u00f3n del par\u00e1metro IMPRIMIR DETALLE DE IVA EN COMPROBANTES, el cual se maneja como opcional en FAST y permite mostrar en el PDF el desglose de IVA e ISR [&hellip;]<\/p>\n","protected":false},"author":1,"featured_media":0,"parent":0,"menu_order":0,"comment_status":"closed","ping_status":"closed","template":"","meta":[],"_links":{"self":[{"href":"https:\/\/cysamanuales.com\/index.php\/wp-json\/wp\/v2\/pages\/579"}],"collection":[{"href":"https:\/\/cysamanuales.com\/index.php\/wp-json\/wp\/v2\/pages"}],"about":[{"href":"https:\/\/cysamanuales.com\/index.php\/wp-json\/wp\/v2\/types\/page"}],"author":[{"embeddable":true,"href":"https:\/\/cysamanuales.com\/index.php\/wp-json\/wp\/v2\/users\/1"}],"replies":[{"embeddable":true,"href":"https:\/\/cysamanuales.com\/index.php\/wp-json\/wp\/v2\/comments?post=579"}],"version-history":[{"count":4,"href":"https:\/\/cysamanuales.com\/index.php\/wp-json\/wp\/v2\/pages\/579\/revisions"}],"predecessor-version":[{"id":1166,"href":"https:\/\/cysamanuales.com\/index.php\/wp-json\/wp\/v2\/pages\/579\/revisions\/1166"}],"wp:attachment":[{"href":"https:\/\/cysamanuales.com\/index.php\/wp-json\/wp\/v2\/media?parent=579"}],"curies":[{"name":"wp","href":"https:\/\/api.w.org\/{rel}","templated":true}]}}