{"id":615,"date":"2022-06-07T15:56:24","date_gmt":"2022-06-07T15:56:24","guid":{"rendered":"http:\/\/cysamanuales.com\/?page_id=615"},"modified":"2022-06-15T23:33:47","modified_gmt":"2022-06-15T23:33:47","slug":"cambios-en-la-factura","status":"publish","type":"page","link":"https:\/\/cysamanuales.com\/index.php\/cambios-en-la-factura\/","title":{"rendered":"Cambios en la Factura"},"content":{"rendered":"\n<p style=\"font-size:24px\">&#8211;<strong> FAST FACTURACI\u00d3N VERSI\u00d3N 4.0<\/strong> &#8211;<strong> Facturaci\u00f3n <\/strong><\/p>\n\n\n\n<div class=\"wp-container-1 wp-block-group\"><div class=\"wp-block-group__inner-container\">\n<p>En esta gu\u00eda podemos visualizar los cambios que tuvo el apartado de Facturaci\u00f3n de la versi\u00f3n 4.0, para seguir los pasos correspondientes de la gu\u00eda, es necesario tener en cuenta estos puntos.<\/p>\n\n\n\n<ul id=\"block-baea626a-14d4-42c0-af82-206ecb858056\"><li>Contar con la<strong>\u00a0versi\u00f3n 4.0\u00a0<\/strong>de nuestro sistema\u00a0<strong>Fast Facturaci\u00f3n<\/strong>.<\/li><\/ul>\n<\/div><\/div>\n\n\n\n<p>1.- Se dirige al apartado de <strong>Comprobantes Fiscales\/Factura. <\/strong><\/p>\n\n\n\n<figure class=\"wp-block-image size-full is-resized\"><img loading=\"lazy\" src=\"https:\/\/cysamanuales.com\/wp-content\/uploads\/2022\/06\/Captura-de-pantalla-159.png\" alt=\"\" class=\"wp-image-618\" width=\"603\" height=\"470\" srcset=\"https:\/\/cysamanuales.com\/wp-content\/uploads\/2022\/06\/Captura-de-pantalla-159.png 448w, https:\/\/cysamanuales.com\/wp-content\/uploads\/2022\/06\/Captura-de-pantalla-159-300x234.png 300w\" sizes=\"(max-width: 603px) 100vw, 603px\" \/><\/figure>\n\n\n\n<p>2.- <strong>Un comentario:<\/strong> En el apartado de <strong>Facturaci\u00f3n,<\/strong> el procedimiento para crear una factura es la misma, los cambios se pueden<strong> visualizar<\/strong> en el <strong>formato <\/strong>que se puede ver en la <strong>vista previa.<\/strong><\/p>\n\n\n\n<p>2.1.- El procedimiento es el siguiente, se debe <strong>agregar un cliente,<\/strong> y <strong>seleccionar el m\u00e9todo de pago,<\/strong> junto con la<strong> forma de pago,<\/strong> y el <strong>concepto <\/strong>que se va a facturar. <\/p>\n\n\n\n<figure class=\"wp-block-image size-large\"><img loading=\"lazy\" width=\"1024\" height=\"505\" src=\"https:\/\/cysamanuales.com\/wp-content\/uploads\/2022\/06\/Captura-de-pantalla-165-1-1024x505.png\" alt=\"\" class=\"wp-image-621\" srcset=\"https:\/\/cysamanuales.com\/wp-content\/uploads\/2022\/06\/Captura-de-pantalla-165-1-1024x505.png 1024w, https:\/\/cysamanuales.com\/wp-content\/uploads\/2022\/06\/Captura-de-pantalla-165-1-300x148.png 300w, https:\/\/cysamanuales.com\/wp-content\/uploads\/2022\/06\/Captura-de-pantalla-165-1-768x379.png 768w, https:\/\/cysamanuales.com\/wp-content\/uploads\/2022\/06\/Captura-de-pantalla-165-1-1536x758.png 1536w, https:\/\/cysamanuales.com\/wp-content\/uploads\/2022\/06\/Captura-de-pantalla-165-1.png 1879w\" sizes=\"(max-width: 1024px) 100vw, 1024px\" \/><\/figure>\n\n\n\n<p>2.2.- Se agrega <strong>conceptos<\/strong>, en el bot\u00f3n de<strong> agregar <\/strong>con un s\u00edmbolo de <strong>m\u00e1s<\/strong>(<strong>+<\/strong>), agrega la<strong> cantidad<\/strong> y el<strong> IVA retenciones<\/strong> se mostrara en el formato, si es que la<strong> casilla<\/strong> esta <strong>marcada<\/strong>, para eso le debe <strong>dar click <\/strong>a <strong>retenciones<\/strong>, y verificar que la <strong>casilla<\/strong> este <strong>marca.<\/strong><\/p>\n\n\n\n<figure class=\"wp-block-image size-large\"><img loading=\"lazy\" width=\"1024\" height=\"575\" src=\"https:\/\/cysamanuales.com\/wp-content\/uploads\/2022\/06\/Captura-de-pantalla-168-1024x575.png\" alt=\"\" class=\"wp-image-620\" srcset=\"https:\/\/cysamanuales.com\/wp-content\/uploads\/2022\/06\/Captura-de-pantalla-168-1024x575.png 1024w, https:\/\/cysamanuales.com\/wp-content\/uploads\/2022\/06\/Captura-de-pantalla-168-300x168.png 300w, https:\/\/cysamanuales.com\/wp-content\/uploads\/2022\/06\/Captura-de-pantalla-168-768x431.png 768w, https:\/\/cysamanuales.com\/wp-content\/uploads\/2022\/06\/Captura-de-pantalla-168-1536x863.png 1536w, https:\/\/cysamanuales.com\/wp-content\/uploads\/2022\/06\/Captura-de-pantalla-168.png 1551w\" sizes=\"(max-width: 1024px) 100vw, 1024px\" \/><\/figure>\n\n\n\n<p>3.- Para visualizar y verificar que todo este en orden puede dar click al bot\u00f3n de <strong>Vista Previa,<\/strong> donde se pueden ver los cambios realizados para la<strong> versi\u00f3n 4.0.<\/strong><\/p>\n\n\n\n<figure class=\"wp-block-image size-large\"><img loading=\"lazy\" width=\"1024\" height=\"679\" src=\"https:\/\/cysamanuales.com\/wp-content\/uploads\/2022\/06\/WhatsApp-Image-2022-06-06-at-6.33.16-PM-1-1024x679.jpeg\" alt=\"\" class=\"wp-image-622\" srcset=\"https:\/\/cysamanuales.com\/wp-content\/uploads\/2022\/06\/WhatsApp-Image-2022-06-06-at-6.33.16-PM-1-1024x679.jpeg 1024w, https:\/\/cysamanuales.com\/wp-content\/uploads\/2022\/06\/WhatsApp-Image-2022-06-06-at-6.33.16-PM-1-300x199.jpeg 300w, https:\/\/cysamanuales.com\/wp-content\/uploads\/2022\/06\/WhatsApp-Image-2022-06-06-at-6.33.16-PM-1-768x509.jpeg 768w, https:\/\/cysamanuales.com\/wp-content\/uploads\/2022\/06\/WhatsApp-Image-2022-06-06-at-6.33.16-PM-1.jpeg 1038w\" sizes=\"(max-width: 1024px) 100vw, 1024px\" \/><\/figure>\n\n\n\n<p>3.1.- En caso para<strong> emitir <\/strong>la factura solo debe dar click al bot\u00f3n de <strong>Guardar.<\/strong> Ahora puede pasar a la siguiente gu\u00eda y seguir <strong>facturando.<\/strong><\/p>\n","protected":false},"excerpt":{"rendered":"<p>&#8211; FAST FACTURACI\u00d3N VERSI\u00d3N 4.0 &#8211; Facturaci\u00f3n En esta gu\u00eda podemos visualizar los cambios que tuvo el apartado de Facturaci\u00f3n de la versi\u00f3n 4.0, para seguir los pasos correspondientes de la gu\u00eda, es necesario tener en cuenta estos puntos. Contar con la\u00a0versi\u00f3n 4.0\u00a0de nuestro sistema\u00a0Fast Facturaci\u00f3n. 1.- Se dirige al [&hellip;]<\/p>\n","protected":false},"author":1,"featured_media":0,"parent":0,"menu_order":0,"comment_status":"closed","ping_status":"closed","template":"","meta":[],"_links":{"self":[{"href":"https:\/\/cysamanuales.com\/index.php\/wp-json\/wp\/v2\/pages\/615"}],"collection":[{"href":"https:\/\/cysamanuales.com\/index.php\/wp-json\/wp\/v2\/pages"}],"about":[{"href":"https:\/\/cysamanuales.com\/index.php\/wp-json\/wp\/v2\/types\/page"}],"author":[{"embeddable":true,"href":"https:\/\/cysamanuales.com\/index.php\/wp-json\/wp\/v2\/users\/1"}],"replies":[{"embeddable":true,"href":"https:\/\/cysamanuales.com\/index.php\/wp-json\/wp\/v2\/comments?post=615"}],"version-history":[{"count":5,"href":"https:\/\/cysamanuales.com\/index.php\/wp-json\/wp\/v2\/pages\/615\/revisions"}],"predecessor-version":[{"id":1176,"href":"https:\/\/cysamanuales.com\/index.php\/wp-json\/wp\/v2\/pages\/615\/revisions\/1176"}],"wp:attachment":[{"href":"https:\/\/cysamanuales.com\/index.php\/wp-json\/wp\/v2\/media?parent=615"}],"curies":[{"name":"wp","href":"https:\/\/api.w.org\/{rel}","templated":true}]}}