{"id":79,"date":"2022-03-22T16:57:23","date_gmt":"2022-03-22T16:57:23","guid":{"rendered":"http:\/\/cysamanuales.com\/?page_id=79"},"modified":"2022-10-21T22:05:57","modified_gmt":"2022-10-21T22:05:57","slug":"dar-de-alta-a-usuarios-y-perfiles","status":"publish","type":"page","link":"https:\/\/cysamanuales.com\/index.php\/dar-de-alta-a-usuarios-y-perfiles\/","title":{"rendered":"Dar de alta a Usuarios y Perfiles"},"content":{"rendered":"\n<p style=\"font-size:24px\"><strong>FAST ADMINISTRATIVO &#8211; DAR DE ALTA A USUARIOS Y PERFILES<\/strong><\/p>\n\n\n\n<p class=\"has-medium-font-size\">En esta Gu\u00eda se puede encontrar el funcionamiento para dar de alta a los usuarios para iniciar con el programa de escritorio de <strong>FAST ADMINISTRATIVO.<\/strong><\/p>\n\n\n\n<p style=\"font-size:18px\">Como primer paso se debe iniciar sesi\u00f3n del programa como administrador, a continuaci\u00f3n se realizaran los pasos para dar de alta al usuario y permisos al sistema<\/p>\n\n\n\n<figure class=\"wp-block-image size-large is-resized\"><img loading=\"lazy\" src=\"https:\/\/cysamanuales.com\/wp-content\/uploads\/2022\/03\/Captura-de-pantalla-5-1024x576.png\" alt=\"\" class=\"wp-image-199\" width=\"768\" height=\"432\" srcset=\"https:\/\/cysamanuales.com\/wp-content\/uploads\/2022\/03\/Captura-de-pantalla-5-1024x576.png 1024w, https:\/\/cysamanuales.com\/wp-content\/uploads\/2022\/03\/Captura-de-pantalla-5-300x169.png 300w, https:\/\/cysamanuales.com\/wp-content\/uploads\/2022\/03\/Captura-de-pantalla-5-768x432.png 768w, https:\/\/cysamanuales.com\/wp-content\/uploads\/2022\/03\/Captura-de-pantalla-5-1536x864.png 1536w, https:\/\/cysamanuales.com\/wp-content\/uploads\/2022\/03\/Captura-de-pantalla-5.png 1920w\" sizes=\"(max-width: 768px) 100vw, 768px\" \/><\/figure>\n\n\n\n<p style=\"font-size:18px\">1.- Seleccionar icono de color azul que se encuentra de lado superior Izquierda.<\/p>\n\n\n\n<figure class=\"wp-block-image size-large is-resized is-style-default\"><img loading=\"lazy\" src=\"https:\/\/cysamanuales.com\/wp-content\/uploads\/2022\/03\/Captura-de-pantalla-8-copia-1024x485.png\" alt=\"\" class=\"wp-image-211\" width=\"768\" height=\"364\" srcset=\"https:\/\/cysamanuales.com\/wp-content\/uploads\/2022\/03\/Captura-de-pantalla-8-copia-1024x485.png 1024w, https:\/\/cysamanuales.com\/wp-content\/uploads\/2022\/03\/Captura-de-pantalla-8-copia-300x142.png 300w, https:\/\/cysamanuales.com\/wp-content\/uploads\/2022\/03\/Captura-de-pantalla-8-copia-768x364.png 768w, https:\/\/cysamanuales.com\/wp-content\/uploads\/2022\/03\/Captura-de-pantalla-8-copia.png 1068w\" sizes=\"(max-width: 768px) 100vw, 768px\" \/><\/figure>\n\n\n\n<p style=\"font-size:18px\">2.- Seleccionar la sesi\u00f3n de <strong>usuarios y permisos<\/strong>, seleccionar en el icono de <strong>usuario<\/strong>, posteriormente se encuentra un listado de usuarios.<\/p>\n\n\n\n<figure class=\"wp-block-image size-large is-resized is-style-default\"><img loading=\"lazy\" src=\"https:\/\/cysamanuales.com\/wp-content\/uploads\/2022\/03\/Captura-de-pantalla-7-1024x576.png\" alt=\"\" class=\"wp-image-202\" width=\"768\" height=\"432\" srcset=\"https:\/\/cysamanuales.com\/wp-content\/uploads\/2022\/03\/Captura-de-pantalla-7-1024x576.png 1024w, https:\/\/cysamanuales.com\/wp-content\/uploads\/2022\/03\/Captura-de-pantalla-7-300x169.png 300w, https:\/\/cysamanuales.com\/wp-content\/uploads\/2022\/03\/Captura-de-pantalla-7-768x432.png 768w, https:\/\/cysamanuales.com\/wp-content\/uploads\/2022\/03\/Captura-de-pantalla-7-1536x864.png 1536w, https:\/\/cysamanuales.com\/wp-content\/uploads\/2022\/03\/Captura-de-pantalla-7.png 1920w\" sizes=\"(max-width: 768px) 100vw, 768px\" \/><\/figure>\n\n\n\n<p style=\"font-size:18px\">3.- Se crea un nuevo en el icono de m\u00e1s, donde se requiera los siguientes datos (usuario, correo y contrase\u00f1a). Posteriormente procede a guardarse.<\/p>\n\n\n\n<figure class=\"wp-block-image size-full is-resized is-style-default\"><img loading=\"lazy\" src=\"https:\/\/cysamanuales.com\/wp-content\/uploads\/2022\/03\/Captura-de-pantalla-9.png\" alt=\"\" class=\"wp-image-204\" width=\"671\" height=\"422\" srcset=\"https:\/\/cysamanuales.com\/wp-content\/uploads\/2022\/03\/Captura-de-pantalla-9.png 895w, https:\/\/cysamanuales.com\/wp-content\/uploads\/2022\/03\/Captura-de-pantalla-9-300x189.png 300w, https:\/\/cysamanuales.com\/wp-content\/uploads\/2022\/03\/Captura-de-pantalla-9-768x483.png 768w\" sizes=\"(max-width: 671px) 100vw, 671px\" \/><\/figure>\n\n\n\n<p style=\"font-size:18px\">4.- Como paso siguiente, ser\u00e1 necesario editar o crear los perfiles de usuario que contendr\u00e1n los permisos efectivos de escritura, lectura y eliminaci\u00f3n para cada secci\u00f3n del sistema. Un <strong>perfil <\/strong>seria, por ejemplo, empleado de mostrador, encargado de almac\u00e9n, gerente, etc.<\/p>\n\n\n\n<figure class=\"wp-block-image size-large is-resized is-style-default\"><img loading=\"lazy\" src=\"https:\/\/cysamanuales.com\/wp-content\/uploads\/2022\/03\/Captura-de-pantalla-6-copia-1024x576.png\" alt=\"\" class=\"wp-image-206\" width=\"768\" height=\"432\" srcset=\"https:\/\/cysamanuales.com\/wp-content\/uploads\/2022\/03\/Captura-de-pantalla-6-copia-1024x576.png 1024w, https:\/\/cysamanuales.com\/wp-content\/uploads\/2022\/03\/Captura-de-pantalla-6-copia-300x169.png 300w, https:\/\/cysamanuales.com\/wp-content\/uploads\/2022\/03\/Captura-de-pantalla-6-copia-768x432.png 768w, https:\/\/cysamanuales.com\/wp-content\/uploads\/2022\/03\/Captura-de-pantalla-6-copia-1536x864.png 1536w, https:\/\/cysamanuales.com\/wp-content\/uploads\/2022\/03\/Captura-de-pantalla-6-copia.png 1920w\" sizes=\"(max-width: 768px) 100vw, 768px\" \/><\/figure>\n\n\n\n<p style=\"font-size:18px\">4.1.- Seleccionamos el icono de <strong>perfiles<\/strong>, luego seleccionamos en el icono de M\u00e1s, se crea un nuevo nombre para el perfil que se le otorgara al usuario, adem\u00e1s de marcar las casillas de verificaci\u00f3n de aquellos permisos que desea otorgar.<\/p>\n\n\n\n<figure class=\"wp-block-image size-full is-resized is-style-default\"><img loading=\"lazy\" src=\"https:\/\/cysamanuales.com\/wp-content\/uploads\/2022\/03\/Captura-de-pantalla-12.png\" alt=\"\" class=\"wp-image-207\" width=\"649\" height=\"467\" srcset=\"https:\/\/cysamanuales.com\/wp-content\/uploads\/2022\/03\/Captura-de-pantalla-12.png 865w, https:\/\/cysamanuales.com\/wp-content\/uploads\/2022\/03\/Captura-de-pantalla-12-300x216.png 300w, https:\/\/cysamanuales.com\/wp-content\/uploads\/2022\/03\/Captura-de-pantalla-12-768x553.png 768w\" sizes=\"(max-width: 649px) 100vw, 649px\" \/><\/figure>\n\n\n\n<p style=\"font-size:18px\">5.- Ahora para poder relacionar nuestro nuevo usuario con el perfil que acabamos de crear, nos dirigimos a la opci\u00f3n de <strong>permisos.<\/strong><\/p>\n\n\n\n<figure class=\"wp-block-image size-large is-resized is-style-default\"><img loading=\"lazy\" src=\"https:\/\/cysamanuales.com\/wp-content\/uploads\/2022\/03\/Captura-de-pantalla-7-copia-1-1024x576.png\" alt=\"\" class=\"wp-image-209\" width=\"768\" height=\"432\" srcset=\"https:\/\/cysamanuales.com\/wp-content\/uploads\/2022\/03\/Captura-de-pantalla-7-copia-1-1024x576.png 1024w, https:\/\/cysamanuales.com\/wp-content\/uploads\/2022\/03\/Captura-de-pantalla-7-copia-1-300x169.png 300w, https:\/\/cysamanuales.com\/wp-content\/uploads\/2022\/03\/Captura-de-pantalla-7-copia-1-768x432.png 768w, https:\/\/cysamanuales.com\/wp-content\/uploads\/2022\/03\/Captura-de-pantalla-7-copia-1-1536x864.png 1536w, https:\/\/cysamanuales.com\/wp-content\/uploads\/2022\/03\/Captura-de-pantalla-7-copia-1.png 1920w\" sizes=\"(max-width: 768px) 100vw, 768px\" \/><\/figure>\n\n\n\n<p style=\"font-size:18px\">5.1.- Posteriormente se crea nuevos permisos, seleccionando el icono de m\u00e1s y se selecciona los datos correspondientes (la empresa, el perfil y el usuario creados con anterioridad, por ultimo guardamos y con estos sencillos pasos habremos de otorgado permisos a nuestros usuarios.<\/p>\n\n\n\n<figure class=\"wp-block-image size-full is-resized is-style-default\"><img loading=\"lazy\" src=\"https:\/\/cysamanuales.com\/wp-content\/uploads\/2022\/03\/Captura-de-pantalla-16.png\" alt=\"\" class=\"wp-image-210\" width=\"674\" height=\"372\" srcset=\"https:\/\/cysamanuales.com\/wp-content\/uploads\/2022\/03\/Captura-de-pantalla-16.png 787w, https:\/\/cysamanuales.com\/wp-content\/uploads\/2022\/03\/Captura-de-pantalla-16-300x165.png 300w, https:\/\/cysamanuales.com\/wp-content\/uploads\/2022\/03\/Captura-de-pantalla-16-768x424.png 768w\" sizes=\"(max-width: 674px) 100vw, 674px\" \/><\/figure>\n\n\n\n<p style=\"font-size:18px\">6.-  Se cierra sesi\u00f3n del programa FAST-ADMIN despu\u00e9s se inicia sesi\u00f3n con el nuevo usuario que se cre\u00f3 con anterioridad.<\/p>\n","protected":false},"excerpt":{"rendered":"<p>FAST ADMINISTRATIVO &#8211; DAR DE ALTA A USUARIOS Y PERFILES En esta Gu\u00eda se puede encontrar el funcionamiento para dar de alta a los usuarios para iniciar con el programa de escritorio de FAST ADMINISTRATIVO. Como primer paso se debe iniciar sesi\u00f3n del programa como administrador, a continuaci\u00f3n se realizaran [&hellip;]<\/p>\n","protected":false},"author":1,"featured_media":0,"parent":0,"menu_order":0,"comment_status":"closed","ping_status":"closed","template":"","meta":[],"_links":{"self":[{"href":"https:\/\/cysamanuales.com\/index.php\/wp-json\/wp\/v2\/pages\/79"}],"collection":[{"href":"https:\/\/cysamanuales.com\/index.php\/wp-json\/wp\/v2\/pages"}],"about":[{"href":"https:\/\/cysamanuales.com\/index.php\/wp-json\/wp\/v2\/types\/page"}],"author":[{"embeddable":true,"href":"https:\/\/cysamanuales.com\/index.php\/wp-json\/wp\/v2\/users\/1"}],"replies":[{"embeddable":true,"href":"https:\/\/cysamanuales.com\/index.php\/wp-json\/wp\/v2\/comments?post=79"}],"version-history":[{"count":18,"href":"https:\/\/cysamanuales.com\/index.php\/wp-json\/wp\/v2\/pages\/79\/revisions"}],"predecessor-version":[{"id":1693,"href":"https:\/\/cysamanuales.com\/index.php\/wp-json\/wp\/v2\/pages\/79\/revisions\/1693"}],"wp:attachment":[{"href":"https:\/\/cysamanuales.com\/index.php\/wp-json\/wp\/v2\/media?parent=79"}],"curies":[{"name":"wp","href":"https:\/\/api.w.org\/{rel}","templated":true}]}}