{"id":95,"date":"2022-03-22T17:13:54","date_gmt":"2022-03-22T17:13:54","guid":{"rendered":"http:\/\/cysamanuales.com\/?page_id=95"},"modified":"2022-10-20T17:55:49","modified_gmt":"2022-10-20T17:55:49","slug":"fast-admin","status":"publish","type":"page","link":"https:\/\/cysamanuales.com\/index.php\/fast-admin\/","title":{"rendered":"FAST ADMINISTRATIVO"},"content":{"rendered":"\n<p class=\"has-accent-color has-text-color\" style=\"font-size:24px\"><strong>&#8211; FAST ADMINISTRATIVO \u2013 INTRODUCCI\u00d3N<\/strong><\/p>\n\n\n\n<p><strong>FAST ADMINISTRATIVO<\/strong>\u00a0es un sistema en el que puedes tomar el control de los procesos de tu empresa. M\u00e1s oportunidad de realizar procesos donde quiera que est\u00e9s, ya que cuenta con\u00a0soluci\u00f3n integral basada en la nube. Nuestro sistema acelera el crecimiento interno y externo de las empresas con m\u00e1s de 50 empleados gracias a la unificaci\u00f3n de los procesos y datos. Adem\u00e1s, ayuda a crear nuevas oportunidades de clientes. <\/p>\n\n\n\n<p class=\"has-accent-color has-text-color\" style=\"font-size:24px\"><strong>Como objetivo<\/strong><\/p>\n\n\n\n<p>El programa <strong>FAST ADMINISTRATIVO <\/strong>es un punto de venta y almacenamiento din\u00e1mico que le permite<\/p>\n\n\n\n<ul><li><strong>Control<\/strong> de inventarios<\/li><li><strong>Aumento<\/strong> de ventas m\u00f3viles<\/li><li><strong>Optimizan<\/strong> de la liquidez<\/li><li><strong>Reducci\u00f3n<\/strong> de gastos contables<\/li><li><strong>Reducci\u00f3n<\/strong> de ventas perdidas<\/li><\/ul>\n\n\n\n<p><strong>Fast Administrativo<\/strong> adem\u00e1s de optimizar los flujos de trabajo tradicionales al integrar todos los procesos log\u00edsticos, de manufactura, administraci\u00f3n y contabilidad en una sola plataforma, con Fast Admin facilitas el alcance de toda esta informaci\u00f3n a todas las \u00e1reas para facilitar su coordinaci\u00f3n y, adem\u00e1s, ahorrar\u00e1s en costos de automatizaci\u00f3n.<\/p>\n","protected":false},"excerpt":{"rendered":"<p>&#8211; FAST ADMINISTRATIVO \u2013 INTRODUCCI\u00d3N FAST ADMINISTRATIVO\u00a0es un sistema en el que puedes tomar el control de los procesos de tu empresa. M\u00e1s oportunidad de realizar procesos donde quiera que est\u00e9s, ya que cuenta con\u00a0soluci\u00f3n integral basada en la nube. Nuestro sistema acelera el crecimiento interno y externo de las [&hellip;]<\/p>\n","protected":false},"author":1,"featured_media":0,"parent":0,"menu_order":0,"comment_status":"closed","ping_status":"closed","template":"page-templates\/template-fullwidth.php","meta":[],"_links":{"self":[{"href":"https:\/\/cysamanuales.com\/index.php\/wp-json\/wp\/v2\/pages\/95"}],"collection":[{"href":"https:\/\/cysamanuales.com\/index.php\/wp-json\/wp\/v2\/pages"}],"about":[{"href":"https:\/\/cysamanuales.com\/index.php\/wp-json\/wp\/v2\/types\/page"}],"author":[{"embeddable":true,"href":"https:\/\/cysamanuales.com\/index.php\/wp-json\/wp\/v2\/users\/1"}],"replies":[{"embeddable":true,"href":"https:\/\/cysamanuales.com\/index.php\/wp-json\/wp\/v2\/comments?post=95"}],"version-history":[{"count":10,"href":"https:\/\/cysamanuales.com\/index.php\/wp-json\/wp\/v2\/pages\/95\/revisions"}],"predecessor-version":[{"id":1620,"href":"https:\/\/cysamanuales.com\/index.php\/wp-json\/wp\/v2\/pages\/95\/revisions\/1620"}],"wp:attachment":[{"href":"https:\/\/cysamanuales.com\/index.php\/wp-json\/wp\/v2\/media?parent=95"}],"curies":[{"name":"wp","href":"https:\/\/api.w.org\/{rel}","templated":true}]}}